{"id":5326,"date":"2021-03-12T06:29:43","date_gmt":"2021-03-12T06:29:43","guid":{"rendered":"https:\/\/casonagranado.com\/?page_id=5326"},"modified":"2021-05-12T03:45:27","modified_gmt":"2021-05-12T03:45:27","slug":"yoga-casona","status":"publish","type":"page","link":"https:\/\/casonagranado.com\/es\/yoga-casona\/","title":{"rendered":"Yoga Casona"},"content":{"rendered":"<div data-elementor-type=\"wp-page\" data-elementor-id=\"5326\" class=\"elementor elementor-5326\" data-elementor-post-type=\"page\">\n\t\t\t\t\t\t<section class=\"elementor-section elementor-top-section elementor-element elementor-element-3c980de elementor-section-full_width elementor-section-height-default elementor-section-height-default\" data-id=\"3c980de\" data-element_type=\"section\" data-e-type=\"section\">\n\t\t\t\t\t\t<div class=\"elementor-container elementor-column-gap-default\">\n\t\t\t\t\t<div class=\"elementor-column elementor-col-100 elementor-top-column elementor-element elementor-element-c74b2e9\" data-id=\"c74b2e9\" data-element_type=\"column\" data-e-type=\"column\">\n\t\t\t<div class=\"elementor-widget-wrap elementor-element-populated\">\n\t\t\t\t\t\t<div class=\"elementor-element elementor-element-6254e5d elementor-widget elementor-widget-template\" data-id=\"6254e5d\" data-element_type=\"widget\" data-e-type=\"widget\" data-widget_type=\"template.default\">\n\t\t\t\t<div class=\"elementor-widget-container\">\n\t\t\t\t\t\t\t<div class=\"elementor-template\">\n\t\t\t\t\t<div data-elementor-type=\"section\" data-elementor-id=\"3445\" class=\"elementor elementor-3445\" data-elementor-post-type=\"elementor_library\">\n\t\t\t\t\t<section class=\"elementor-section elementor-top-section elementor-element elementor-element-5798e86b elementor-section-height-min-height elementor-section-items-bottom elementor-section-boxed elementor-section-height-default\" data-id=\"5798e86b\" data-element_type=\"section\" data-e-type=\"section\" data-settings=\"{&quot;background_background&quot;:&quot;classic&quot;}\">\n\t\t\t\t\t\t\t<div class=\"elementor-background-overlay\"><\/div>\n\t\t\t\t\t\t\t<div class=\"elementor-container elementor-column-gap-default\">\n\t\t\t\t\t<div class=\"elementor-column elementor-col-100 elementor-top-column elementor-element elementor-element-45cf7a8b\" data-id=\"45cf7a8b\" data-element_type=\"column\" data-e-type=\"column\">\n\t\t\t<div class=\"elementor-widget-wrap elementor-element-populated\">\n\t\t\t\t\t\t\t<\/div>\n\t\t<\/div>\n\t\t\t\t\t<\/div>\n\t\t<\/section>\n\t\t\t\t<\/div>\n\t\t\t\t<\/div>\n\t\t\t\t\t\t<\/div>\n\t\t\t\t<\/div>\n\t\t\t\t\t<\/div>\n\t\t<\/div>\n\t\t\t\t\t<\/div>\n\t\t<\/section>\n\t\t\t\t<section class=\"elementor-section elementor-top-section elementor-element elementor-element-d4d63c4 elementor-section-content-middle elementor-section-boxed elementor-section-height-default elementor-section-height-default\" data-id=\"d4d63c4\" data-element_type=\"section\" data-e-type=\"section\">\n\t\t\t\t\t\t<div class=\"elementor-container elementor-column-gap-wider\">\n\t\t\t\t\t<div class=\"elementor-column elementor-col-100 elementor-top-column elementor-element elementor-element-d3cf632\" data-id=\"d3cf632\" data-element_type=\"column\" data-e-type=\"column\">\n\t\t\t<div class=\"elementor-widget-wrap elementor-element-populated\">\n\t\t\t\t\t\t<div class=\"elementor-element elementor-element-e645dbc elementor-view-stacked elementor-shape-circle elementor-widget elementor-widget-icon\" data-id=\"e645dbc\" data-element_type=\"widget\" data-e-type=\"widget\" data-widget_type=\"icon.default\">\n\t\t\t\t<div class=\"elementor-widget-container\">\n\t\t\t\t\t\t\t<div class=\"elementor-icon-wrapper\">\n\t\t\t<div class=\"elementor-icon\">\n\t\t\t<i aria-hidden=\"true\" class=\"fab fa-pagelines\"><\/i>\t\t\t<\/div>\n\t\t<\/div>\n\t\t\t\t\t\t<\/div>\n\t\t\t\t<\/div>\n\t\t\t\t<div class=\"elementor-element elementor-element-23807a2 elementor-widget__width-initial elementor-widget-tablet__width-inherit elementor-widget elementor-widget-heading\" data-id=\"23807a2\" data-element_type=\"widget\" data-e-type=\"widget\" data-widget_type=\"heading.default\">\n\t\t\t\t<div class=\"elementor-widget-container\">\n\t\t\t\t\t<h3 class=\"elementor-heading-title elementor-size-default\">Acerca de mi yoga<\/h3>\t\t\t\t<\/div>\n\t\t\t\t<\/div>\n\t\t\t\t<div class=\"elementor-element elementor-element-e009524 elementor-widget__width-initial elementor-widget-tablet__width-inherit elementor-widget elementor-widget-text-editor\" data-id=\"e009524\" data-element_type=\"widget\" data-e-type=\"widget\" data-widget_type=\"text-editor.default\">\n\t\t\t\t<div class=\"elementor-widget-container\">\n\t\t\t\t\t\t\t\t\t<p>Martin Jansen descubri\u00f3 el yoga por primera vez mientras se un\u00eda a un amigo en una clase de yoga alrededor de 2010. Se enamor\u00f3 del estilo vinyasa de yoga\/power yoga, que se ense\u00f1aba en ese estudio, y continu\u00f3 practicando con regularidad. Sentir los beneficios de la pr\u00e1ctica del yoga en t\u00e9rminos de aptitud f\u00edsica, flexibilidad y salud mental hizo que volviera por m\u00e1s cada semana.\u00a0<\/p><p>Despu\u00e9s de mudarse a Espa\u00f1a, Martin se dio cuenta de que hab\u00eda una necesidad en la comunidad de practicar yoga y decidi\u00f3 dedicarse a la ense\u00f1anza del yoga. En su primer viaje de regreso a los EE. UU., complet\u00f3 una formaci\u00f3n de profesor de yoga de 50 horas en \"The Yoga Room\" en Redlands, California, EE. UU. en marzo de 2019. Esta formaci\u00f3n se centr\u00f3 en los principios generales del yoga, adem\u00e1s de construir una pr\u00e1ctica s\u00f3lida en Vinyasa y Yin yoga. Adem\u00e1s de la formaci\u00f3n de profesores de yoga, Martin se basa en m\u00e1s de 25 a\u00f1os de experiencia trabajando como terapeuta ocupacional en diversas \u00e1reas de la salud y la rehabilitaci\u00f3n para crear el marco sobre el que se basan sus clases.\u00a0<\/p><p>Martin comenz\u00f3 a impartir clases en esta \u00e1rea en septiembre de 2019, y desde el oto\u00f1o de 2020, Casona Granado ha sido el lugar donde se llevan a cabo estas clases. Desde el principio, un grupo de seguidores leales de los estudiantes ha estado practicando con \u00e9l y haciendo crecer la peque\u00f1a comunidad de yoga aqu\u00ed juntos.\u00a0<\/p><p>Las clases son una combinaci\u00f3n de vinyasa y yin yoga. Una clase de 90 minutos generalmente se divide en 45 minutos de vinyasa yoga y 45 minutos de yin, brindando a los estudiantes la oportunidad de trabajar en la construcci\u00f3n de fuerza, resistencia y flexibilidad en cada clase, mientras se enfocan en su respiraci\u00f3n y concentraci\u00f3n mental. Recientemente comenzamos una clase para principiantes, de una hora, enfocada m\u00e1s en vinyasa, con tramos agregados al inicio y al final para completar la pr\u00e1ctica.\u00a0<\/p><p>Si el clima lo permite, las clases se llevan a cabo al aire libre, para maximizar la oportunidad de disfrutar del fant\u00e1stico entorno en el que vivimos y utilizar ese entorno para mejorar a\u00fan m\u00e1s la experiencia en la pr\u00e1ctica.\u00a0\u00a0<\/p>\t\t\t\t\t\t\t\t<\/div>\n\t\t\t\t<\/div>\n\t\t\t\t<div class=\"elementor-element elementor-element-35e1083 elementor-widget__width-initial elementor-widget-tablet__width-inherit elementor-widget elementor-widget-text-editor\" data-id=\"35e1083\" data-element_type=\"widget\" data-e-type=\"widget\" data-widget_type=\"text-editor.default\">\n\t\t\t\t<div class=\"elementor-widget-container\">\n\t\t\t\t\t\t\t\t\t<h3><strong>Vinyasa yoga<\/strong><\/h3><p>Vinyasa es un estilo de yoga que se caracteriza por encadenar posturas para que te muevas de una a otra. Las posturas se suceden sin problemas y se mantienen durante hasta 30 segundos. La respiraci\u00f3n se utiliza dentro de la postura para mejorar el enfoque, as\u00ed como para guiar las transiciones entre las posturas. Vinyasa yoga tambi\u00e9n se conoce como yoga de \"flujo\", las clases de Vinyasa ofrecen una variedad de posturas y no hay dos clases iguales. La naturaleza variable del Vinyasa Yoga ayuda a desarrollar un cuerpo m\u00e1s equilibrado. Las clases tienen una banda sonora. La energ\u00eda del grupo, la banda sonora y el medio ambiente trabajan juntos para crear una experiencia.\u00a0<\/p>\t\t\t\t\t\t\t\t<\/div>\n\t\t\t\t<\/div>\n\t\t\t\t<div class=\"elementor-element elementor-element-1cfb54a elementor-widget__width-initial elementor-widget-tablet__width-inherit elementor-widget elementor-widget-text-editor\" data-id=\"1cfb54a\" data-element_type=\"widget\" data-e-type=\"widget\" data-widget_type=\"text-editor.default\">\n\t\t\t\t<div class=\"elementor-widget-container\">\n\t\t\t\t\t\t\t\t\t<h3><strong>Yin yoga<\/strong><\/h3><p>Yin yoga se dirige a los tejidos conectivos profundos, como la fascia, los ligamentos, las articulaciones y los huesos. Yin yoga es m\u00e1s lento y meditativo, lo que te da espacio para volverte hacia adentro y sintonizarte con tu mente y las sensaciones f\u00edsicas de tu cuerpo. Durante la pr\u00e1ctica de yin yoga, las posturas se mantienen durante 3 a 5 minutos, lo que le ayuda a estirar y alargar los tejidos que rara vez se usa, al mismo tiempo que le ense\u00f1a a respirar a pesar de las molestias y a sentarse con sus pensamientos.<\/p><p>Juntos hemos descubierto que crear una clase en torno a la combinaci\u00f3n de ambos estilos de yoga funciona bien para nuestro grupo, creando una clase variada que brinda m\u00faltiples beneficios para nuestra salud.\u00a0<\/p>\t\t\t\t\t\t\t\t<\/div>\n\t\t\t\t<\/div>\n\t\t\t\t\t<\/div>\n\t\t<\/div>\n\t\t\t\t\t<\/div>\n\t\t<\/section>\n\t\t\t\t<section class=\"elementor-section elementor-top-section elementor-element elementor-element-5e5af85 elementor-section-content-middle elementor-reverse-tablet elementor-reverse-mobile elementor-section-boxed elementor-section-height-default elementor-section-height-default\" data-id=\"5e5af85\" data-element_type=\"section\" data-e-type=\"section\" data-settings=\"{&quot;background_background&quot;:&quot;classic&quot;}\">\n\t\t\t\t\t\t<div class=\"elementor-container elementor-column-gap-wider\">\n\t\t\t\t\t<div class=\"elementor-column elementor-col-50 elementor-top-column elementor-element elementor-element-9a7cfbe\" data-id=\"9a7cfbe\" data-element_type=\"column\" data-e-type=\"column\">\n\t\t\t<div class=\"elementor-widget-wrap elementor-element-populated\">\n\t\t\t\t\t\t<div class=\"elementor-element elementor-element-dfdeb43 elementor-view-stacked elementor-shape-circle elementor-widget elementor-widget-icon\" data-id=\"dfdeb43\" data-element_type=\"widget\" data-e-type=\"widget\" data-widget_type=\"icon.default\">\n\t\t\t\t<div class=\"elementor-widget-container\">\n\t\t\t\t\t\t\t<div class=\"elementor-icon-wrapper\">\n\t\t\t<div class=\"elementor-icon\">\n\t\t\t<i aria-hidden=\"true\" class=\"fab fa-pagelines\"><\/i>\t\t\t<\/div>\n\t\t<\/div>\n\t\t\t\t\t\t<\/div>\n\t\t\t\t<\/div>\n\t\t\t\t<div class=\"elementor-element elementor-element-989a1db elementor-widget__width-initial elementor-widget-tablet__width-inherit elementor-widget elementor-widget-heading\" data-id=\"989a1db\" data-element_type=\"widget\" data-e-type=\"widget\" data-widget_type=\"heading.default\">\n\t\t\t\t<div class=\"elementor-widget-container\">\n\t\t\t\t\t<h3 class=\"elementor-heading-title elementor-size-default\">Acerca de mi<\/h3>\t\t\t\t<\/div>\n\t\t\t\t<\/div>\n\t\t\t\t<div class=\"elementor-element elementor-element-3ddc2ef elementor-widget__width-initial elementor-widget-tablet__width-inherit elementor-widget elementor-widget-text-editor\" data-id=\"3ddc2ef\" data-element_type=\"widget\" data-e-type=\"widget\" data-widget_type=\"text-editor.default\">\n\t\t\t\t<div class=\"elementor-widget-container\">\n\t\t\t\t\t\t\t\t\t<div class=\"fusion-layout-column fusion_builder_column fusion-builder-column-1 fusion_builder_column_1_2 1_2 fusion-one-half fusion-column-first\"><div class=\"fusion-column-wrapper fusion-flex-column-wrapper-legacy\"><div class=\"fusion-text fusion-text-1\"><p>Nacido en los Pa\u00edses Bajos, Martin recibi\u00f3 su licenciatura en Terapia Ocupacional en la Escuela de Terapia Ocupacional de Amsterdam. Se gradu\u00f3 en 1987 y ha trabajado como terapeuta ocupacional con licencia hasta que se jubil\u00f3 en enero de 2019, inicialmente en los Pa\u00edses Bajos y desde 1993 en los Estados Unidos.\u00a0<\/p><p>Trabajar como terapeuta ocupacional le dio una comprensi\u00f3n profunda de la funci\u00f3n del cuerpo humano en relaci\u00f3n con la realizaci\u00f3n de actividades, as\u00ed como las lesiones que pueden resultar de estas. Trabaj\u00f3 en diferentes entornos de tratamiento, incluidos el dolor cr\u00f3nico, la atenci\u00f3n posoperatoria, la neurolog\u00eda y la ortopedia.\u00a0<\/p><p>Despu\u00e9s de retirarse de trabajar como terapeuta ocupacional, Martin se mud\u00f3 al sur de Espa\u00f1a en enero de 2019. La mudanza a Espa\u00f1a fue motivada por el deseo de estar m\u00e1s cerca de la familia y poder buscar otras opciones. Actualmente ense\u00f1a Yoga, brinda servicios de terapia de masajes y, junto con su esposa, crea arte en metal y cer\u00e1mica.\u00a0<\/p><p>Martin habla con fluidez holand\u00e9s \/ nederlands e ingl\u00e9s. Su espa\u00f1ol es limitado pero est\u00e1 trabajando para mejorar su dominio del idioma.<\/p><\/div><\/div><\/div>\t\t\t\t\t\t\t\t<\/div>\n\t\t\t\t<\/div>\n\t\t\t\t\t<\/div>\n\t\t<\/div>\n\t\t\t\t<div class=\"elementor-column elementor-col-50 elementor-top-column elementor-element elementor-element-e047888\" data-id=\"e047888\" data-element_type=\"column\" data-e-type=\"column\">\n\t\t\t<div class=\"elementor-widget-wrap elementor-element-populated\">\n\t\t\t\t\t\t<div class=\"elementor-element elementor-element-8254d6b elementor-widget elementor-widget-image\" data-id=\"8254d6b\" data-element_type=\"widget\" data-e-type=\"widget\" data-widget_type=\"image.default\">\n\t\t\t\t<div class=\"elementor-widget-container\">\n\t\t\t\t\t\t\t\t\t\t\t\t\t\t\t<img fetchpriority=\"high\" decoding=\"async\" width=\"800\" height=\"451\" src=\"https:\/\/casonagranado.com\/wp-content\/uploads\/2021\/03\/Yoga-main-image-1024x577.jpg\" class=\"attachment-large size-large wp-image-5651\" alt=\"\" srcset=\"https:\/\/casonagranado.com\/wp-content\/uploads\/2021\/03\/Yoga-main-image-1024x577.jpg 1024w, https:\/\/casonagranado.com\/wp-content\/uploads\/2021\/03\/Yoga-main-image-300x169.jpg 300w, https:\/\/casonagranado.com\/wp-content\/uploads\/2021\/03\/Yoga-main-image-768x432.jpg 768w, https:\/\/casonagranado.com\/wp-content\/uploads\/2021\/03\/Yoga-main-image-1536x865.jpg 1536w, https:\/\/casonagranado.com\/wp-content\/uploads\/2021\/03\/Yoga-main-image.jpg 1920w\" sizes=\"(max-width: 800px) 100vw, 800px\" \/>\t\t\t\t\t\t\t\t\t\t\t\t\t\t\t<\/div>\n\t\t\t\t<\/div>\n\t\t\t\t\t<\/div>\n\t\t<\/div>\n\t\t\t\t\t<\/div>\n\t\t<\/section>\n\t\t\t\t<section class=\"elementor-section elementor-top-section elementor-element elementor-element-76164e4 elementor-section-boxed elementor-section-height-default elementor-section-height-default\" data-id=\"76164e4\" data-element_type=\"section\" data-e-type=\"section\" data-settings=\"{&quot;background_background&quot;:&quot;classic&quot;}\">\n\t\t\t\t\t\t\t<div class=\"elementor-background-overlay\"><\/div>\n\t\t\t\t\t\t\t<div class=\"elementor-container elementor-column-gap-wider\">\n\t\t\t\t\t<div class=\"elementor-column elementor-col-100 elementor-top-column elementor-element elementor-element-65c78b6 elementor-invisible\" data-id=\"65c78b6\" data-element_type=\"column\" data-e-type=\"column\" data-settings=\"{&quot;animation&quot;:&quot;zoomIn&quot;}\">\n\t\t\t<div class=\"elementor-widget-wrap elementor-element-populated\">\n\t\t\t\t\t\t<div class=\"elementor-element elementor-element-924ccf0 elementor-widget elementor-widget-gallery\" data-id=\"924ccf0\" data-element_type=\"widget\" data-e-type=\"widget\" data-settings=\"{&quot;gap&quot;:{&quot;unit&quot;:&quot;px&quot;,&quot;size&quot;:0,&quot;sizes&quot;:[]},&quot;lazyload&quot;:&quot;yes&quot;,&quot;gallery_layout&quot;:&quot;grid&quot;,&quot;columns&quot;:4,&quot;columns_tablet&quot;:2,&quot;columns_mobile&quot;:1,&quot;gap_tablet&quot;:{&quot;unit&quot;:&quot;px&quot;,&quot;size&quot;:10,&quot;sizes&quot;:[]},&quot;gap_mobile&quot;:{&quot;unit&quot;:&quot;px&quot;,&quot;size&quot;:10,&quot;sizes&quot;:[]},&quot;link_to&quot;:&quot;file&quot;,&quot;aspect_ratio&quot;:&quot;3:2&quot;,&quot;overlay_background&quot;:&quot;yes&quot;,&quot;content_hover_animation&quot;:&quot;fade-in&quot;}\" data-widget_type=\"gallery.default\">\n\t\t\t\t<div class=\"elementor-widget-container\">\n\t\t\t\t\t\t\t<div class=\"elementor-gallery__container\">\n\t\t\t\t\t\t\t<a class=\"e-gallery-item elementor-gallery-item elementor-animated-content\" href=\"https:\/\/casonagranado.com\/wp-content\/uploads\/2021\/03\/pexels-cottonbro-3997989.jpg\" data-elementor-open-lightbox=\"yes\" data-elementor-lightbox-slideshow=\"924ccf0\" data-e-action-hash=\"#elementor-action%3Aaction%3Dlightbox%26settings%3DeyJpZCI6NTMyMiwidXJsIjoiaHR0cHM6XC9cL2Nhc29uYWdyYW5hZG8uY29tXC93cC1jb250ZW50XC91cGxvYWRzXC8yMDIxXC8wM1wvcGV4ZWxzLWNvdHRvbmJyby0zOTk3OTg5LmpwZyIsInNsaWRlc2hvdyI6IjkyNGNjZjAifQ%3D%3D\">\n\t\t\t\t\t<div class=\"e-gallery-image elementor-gallery-item__image\" data-thumbnail=\"https:\/\/casonagranado.com\/wp-content\/uploads\/2021\/03\/pexels-cottonbro-3997989.jpg\" data-width=\"1920\" data-height=\"1280\" aria-label=\"\" role=\"img\" ><\/div>\n\t\t\t\t\t\t\t\t\t\t\t<div class=\"elementor-gallery-item__overlay\"><\/div>\n\t\t\t\t\t\t\t\t\t\t\t\t\t\t<\/a>\n\t\t\t\t\t\t\t<a class=\"e-gallery-item elementor-gallery-item elementor-animated-content\" href=\"https:\/\/casonagranado.com\/wp-content\/uploads\/2020\/10\/Casona-Granado-rm2-.8.jpg\" data-elementor-open-lightbox=\"yes\" data-elementor-lightbox-slideshow=\"924ccf0\" data-e-action-hash=\"#elementor-action%3Aaction%3Dlightbox%26settings%3DeyJpZCI6NDkzNCwidXJsIjoiaHR0cHM6XC9cL2Nhc29uYWdyYW5hZG8uY29tXC93cC1jb250ZW50XC91cGxvYWRzXC8yMDIwXC8xMFwvQ2Fzb25hLUdyYW5hZG8tcm0yLS44LmpwZyIsInNsaWRlc2hvdyI6IjkyNGNjZjAifQ%3D%3D\">\n\t\t\t\t\t<div class=\"e-gallery-image elementor-gallery-item__image\" data-thumbnail=\"https:\/\/casonagranado.com\/wp-content\/uploads\/2020\/10\/Casona-Granado-rm2-.8.jpg\" data-width=\"1920\" data-height=\"970\" aria-label=\"\" role=\"img\" ><\/div>\n\t\t\t\t\t\t\t\t\t\t\t<div class=\"elementor-gallery-item__overlay\"><\/div>\n\t\t\t\t\t\t\t\t\t\t\t\t\t\t<\/a>\n\t\t\t\t\t\t\t<a class=\"e-gallery-item elementor-gallery-item elementor-animated-content\" href=\"https:\/\/casonagranado.com\/wp-content\/uploads\/2021\/03\/pexels-pixabay-355863.jpg\" data-elementor-open-lightbox=\"yes\" data-elementor-lightbox-slideshow=\"924ccf0\" data-e-action-hash=\"#elementor-action%3Aaction%3Dlightbox%26settings%3DeyJpZCI6NTI4NywidXJsIjoiaHR0cHM6XC9cL2Nhc29uYWdyYW5hZG8uY29tXC93cC1jb250ZW50XC91cGxvYWRzXC8yMDIxXC8wM1wvcGV4ZWxzLXBpeGFiYXktMzU1ODYzLmpwZyIsInNsaWRlc2hvdyI6IjkyNGNjZjAifQ%3D%3D\">\n\t\t\t\t\t<div class=\"e-gallery-image elementor-gallery-item__image\" data-thumbnail=\"https:\/\/casonagranado.com\/wp-content\/uploads\/2021\/03\/pexels-pixabay-355863.jpg\" data-width=\"1920\" data-height=\"1280\" aria-label=\"\" role=\"img\" ><\/div>\n\t\t\t\t\t\t\t\t\t\t\t<div class=\"elementor-gallery-item__overlay\"><\/div>\n\t\t\t\t\t\t\t\t\t\t\t\t\t\t<\/a>\n\t\t\t\t\t\t\t<a class=\"e-gallery-item elementor-gallery-item elementor-animated-content\" href=\"https:\/\/casonagranado.com\/wp-content\/uploads\/2021\/03\/pexels-anna-tarazevich-6560304.jpg\" data-elementor-open-lightbox=\"yes\" data-elementor-lightbox-slideshow=\"924ccf0\" data-e-action-hash=\"#elementor-action%3Aaction%3Dlightbox%26settings%3DeyJpZCI6NTI4NiwidXJsIjoiaHR0cHM6XC9cL2Nhc29uYWdyYW5hZG8uY29tXC93cC1jb250ZW50XC91cGxvYWRzXC8yMDIxXC8wM1wvcGV4ZWxzLWFubmEtdGFyYXpldmljaC02NTYwMzA0LmpwZyIsInNsaWRlc2hvdyI6IjkyNGNjZjAifQ%3D%3D\">\n\t\t\t\t\t<div class=\"e-gallery-image elementor-gallery-item__image\" data-thumbnail=\"https:\/\/casonagranado.com\/wp-content\/uploads\/2021\/03\/pexels-anna-tarazevich-6560304.jpg\" data-width=\"1280\" data-height=\"1920\" aria-label=\"\" role=\"img\" ><\/div>\n\t\t\t\t\t\t\t\t\t\t\t<div class=\"elementor-gallery-item__overlay\"><\/div>\n\t\t\t\t\t\t\t\t\t\t\t\t\t\t<\/a>\n\t\t\t\t\t<\/div>\n\t\t\t\t\t<\/div>\n\t\t\t\t<\/div>\n\t\t\t\t\t<\/div>\n\t\t<\/div>\n\t\t\t\t\t<\/div>\n\t\t<\/section>\n\t\t\t\t<\/div>","protected":false},"excerpt":{"rendered":"<p>About my yoga Martin Jansen first discovered Yoga while joining a friend in a yoga class around 2010. He fell in love with the vinyasa style of yoga \/ power yoga, which was taught at that studio, and continued to practice regularly. Feeling the benefits of yoga practice in terms of physical fitness, flexibility as [&hellip;]<\/p>\n","protected":false},"author":11,"featured_media":5651,"parent":0,"menu_order":0,"comment_status":"closed","ping_status":"closed","template":"","meta":{"_acf_changed":false,"footnotes":""},"class_list":["post-5326","page","type-page","status-publish","has-post-thumbnail","hentry"],"acf":[],"_links":{"self":[{"href":"https:\/\/casonagranado.com\/es\/wp-json\/wp\/v2\/pages\/5326","targetHints":{"allow":["GET"]}}],"collection":[{"href":"https:\/\/casonagranado.com\/es\/wp-json\/wp\/v2\/pages"}],"about":[{"href":"https:\/\/casonagranado.com\/es\/wp-json\/wp\/v2\/types\/page"}],"author":[{"embeddable":true,"href":"https:\/\/casonagranado.com\/es\/wp-json\/wp\/v2\/users\/11"}],"replies":[{"embeddable":true,"href":"https:\/\/casonagranado.com\/es\/wp-json\/wp\/v2\/comments?post=5326"}],"version-history":[{"count":0,"href":"https:\/\/casonagranado.com\/es\/wp-json\/wp\/v2\/pages\/5326\/revisions"}],"wp:featuredmedia":[{"embeddable":true,"href":"https:\/\/casonagranado.com\/es\/wp-json\/wp\/v2\/media\/5651"}],"wp:attachment":[{"href":"https:\/\/casonagranado.com\/es\/wp-json\/wp\/v2\/media?parent=5326"}],"curies":[{"name":"wp","href":"https:\/\/api.w.org\/{rel}","templated":true}]}}