{"id":5321,"date":"2021-03-12T06:26:31","date_gmt":"2021-03-12T06:26:31","guid":{"rendered":"https:\/\/casonagranado.com\/?page_id=5321"},"modified":"2021-03-29T07:59:56","modified_gmt":"2021-03-29T07:59:56","slug":"massage","status":"publish","type":"page","link":"https:\/\/casonagranado.com\/es\/massage\/","title":{"rendered":"Masaje"},"content":{"rendered":"<div data-elementor-type=\"wp-page\" data-elementor-id=\"5321\" class=\"elementor elementor-5321\" data-elementor-post-type=\"page\">\n\t\t\t\t\t\t<section class=\"elementor-section elementor-top-section elementor-element elementor-element-04d8399 elementor-section-full_width elementor-section-height-default elementor-section-height-default\" data-id=\"04d8399\" data-element_type=\"section\" data-e-type=\"section\">\n\t\t\t\t\t\t<div class=\"elementor-container elementor-column-gap-default\">\n\t\t\t\t\t<div class=\"elementor-column elementor-col-100 elementor-top-column elementor-element elementor-element-ae088be\" data-id=\"ae088be\" data-element_type=\"column\" data-e-type=\"column\">\n\t\t\t<div class=\"elementor-widget-wrap elementor-element-populated\">\n\t\t\t\t\t\t<div class=\"elementor-element elementor-element-65ad06a elementor-widget elementor-widget-template\" data-id=\"65ad06a\" data-element_type=\"widget\" data-e-type=\"widget\" data-widget_type=\"template.default\">\n\t\t\t\t<div class=\"elementor-widget-container\">\n\t\t\t\t\t\t\t<div class=\"elementor-template\">\n\t\t\t\t\t<div data-elementor-type=\"section\" data-elementor-id=\"3445\" class=\"elementor elementor-3445\" data-elementor-post-type=\"elementor_library\">\n\t\t\t\t\t<section class=\"elementor-section elementor-top-section elementor-element elementor-element-5798e86b elementor-section-height-min-height elementor-section-items-bottom elementor-section-boxed elementor-section-height-default\" data-id=\"5798e86b\" data-element_type=\"section\" data-e-type=\"section\" data-settings=\"{&quot;background_background&quot;:&quot;classic&quot;}\">\n\t\t\t\t\t\t\t<div class=\"elementor-background-overlay\"><\/div>\n\t\t\t\t\t\t\t<div class=\"elementor-container elementor-column-gap-default\">\n\t\t\t\t\t<div class=\"elementor-column elementor-col-100 elementor-top-column elementor-element elementor-element-45cf7a8b\" data-id=\"45cf7a8b\" data-element_type=\"column\" data-e-type=\"column\">\n\t\t\t<div class=\"elementor-widget-wrap elementor-element-populated\">\n\t\t\t\t\t\t\t<\/div>\n\t\t<\/div>\n\t\t\t\t\t<\/div>\n\t\t<\/section>\n\t\t\t\t<\/div>\n\t\t\t\t<\/div>\n\t\t\t\t\t\t<\/div>\n\t\t\t\t<\/div>\n\t\t\t\t\t<\/div>\n\t\t<\/div>\n\t\t\t\t\t<\/div>\n\t\t<\/section>\n\t\t\t\t<section class=\"elementor-section elementor-top-section elementor-element elementor-element-3899f02 elementor-section-content-middle elementor-section-boxed elementor-section-height-default elementor-section-height-default\" data-id=\"3899f02\" data-element_type=\"section\" data-e-type=\"section\">\n\t\t\t\t\t\t<div class=\"elementor-container elementor-column-gap-wider\">\n\t\t\t\t\t<div class=\"elementor-column elementor-col-100 elementor-top-column elementor-element elementor-element-6b54623 elementor-invisible\" data-id=\"6b54623\" data-element_type=\"column\" data-e-type=\"column\" data-settings=\"{&quot;animation&quot;:&quot;slideInUp&quot;}\">\n\t\t\t<div class=\"elementor-widget-wrap elementor-element-populated\">\n\t\t\t\t\t\t<div class=\"elementor-element elementor-element-b37a85c elementor-view-stacked elementor-shape-circle elementor-widget elementor-widget-icon\" data-id=\"b37a85c\" data-element_type=\"widget\" data-e-type=\"widget\" data-widget_type=\"icon.default\">\n\t\t\t\t<div class=\"elementor-widget-container\">\n\t\t\t\t\t\t\t<div class=\"elementor-icon-wrapper\">\n\t\t\t<div class=\"elementor-icon\">\n\t\t\t<i aria-hidden=\"true\" class=\"fab fa-pagelines\"><\/i>\t\t\t<\/div>\n\t\t<\/div>\n\t\t\t\t\t\t<\/div>\n\t\t\t\t<\/div>\n\t\t\t\t<div class=\"elementor-element elementor-element-4220f33 elementor-widget__width-initial elementor-widget-tablet__width-inherit elementor-widget elementor-widget-heading\" data-id=\"4220f33\" data-element_type=\"widget\" data-e-type=\"widget\" data-widget_type=\"heading.default\">\n\t\t\t\t<div class=\"elementor-widget-container\">\n\t\t\t\t\t<h2 class=\"elementor-heading-title elementor-size-default\">Masaje<\/h2>\t\t\t\t<\/div>\n\t\t\t\t<\/div>\n\t\t\t\t<div class=\"elementor-element elementor-element-950884c elementor-widget__width-initial elementor-widget-tablet__width-inherit elementor-widget elementor-widget-text-editor\" data-id=\"950884c\" data-element_type=\"widget\" data-e-type=\"widget\" data-widget_type=\"text-editor.default\">\n\t\t\t\t<div class=\"elementor-widget-container\">\n\t\t\t\t\t\t\t\t\t<div class=\"wpb_column vc_column_container vc_col-sm-6\"><div class=\"vc_column-inner\"><div class=\"wpb_wrapper\"><div class=\"wpb_text_column wpb_content_element\"><div class=\"wpb_wrapper\"><div class=\"fusion-layout-column fusion_builder_column fusion-builder-column-1 fusion_builder_column_1_2 1_2 fusion-one-half fusion-column-first\"><div class=\"fusion-column-wrapper fusion-flex-column-wrapper-legacy\"><div class=\"fusion-text fusion-text-1\"><p>Martin Jansen, terapeuta de masaje complet\u00f3 una formaci\u00f3n de terapeuta de masaje de 500 horas en la Escuela de Toque Hol\u00edstico en Ontario, California, EE. UU. En 2008. Asisti\u00f3 a un curso de relajaci\u00f3n y relajaci\u00f3n miofascial con John Barnes en los EE. UU. Obtuvo la licencia como terapeuta de masajes en el Estado de California, mientras resid\u00eda all\u00ed.\u00a0<\/p><p>Martin crea un masaje \u00fanico para cada cliente, utilizando una combinaci\u00f3n de diferentes t\u00e9cnicas.\u00a0<\/p><p>Si bien fue entrenado en una variedad de t\u00e9cnicas, se especializa en masaje sueco, masaje de tejido profundo y liberaci\u00f3n miofascial.\u00a0<\/p><\/div><\/div><\/div><\/div><\/div><\/div><\/div><\/div>\t\t\t\t\t\t\t\t<\/div>\n\t\t\t\t<\/div>\n\t\t\t\t<div class=\"elementor-element elementor-element-a4d3f18 elementor-widget__width-initial elementor-widget-tablet__width-inherit elementor-widget elementor-widget-heading\" data-id=\"a4d3f18\" data-element_type=\"widget\" data-e-type=\"widget\" data-widget_type=\"heading.default\">\n\t\t\t\t<div class=\"elementor-widget-container\">\n\t\t\t\t\t<h3 class=\"elementor-heading-title elementor-size-default\">Masaje Sueco<\/h3>\t\t\t\t<\/div>\n\t\t\t\t<\/div>\n\t\t\t\t<div class=\"elementor-element elementor-element-c0ec530 elementor-widget__width-initial elementor-widget-tablet__width-inherit elementor-widget elementor-widget-text-editor\" data-id=\"c0ec530\" data-element_type=\"widget\" data-e-type=\"widget\" data-widget_type=\"text-editor.default\">\n\t\t\t\t<div class=\"elementor-widget-container\">\n\t\t\t\t\t\t\t\t\t<div class=\"wpb_column vc_column_container vc_col-sm-6\"><div class=\"vc_column-inner\"><div class=\"wpb_wrapper\"><div class=\"wpb_text_column wpb_content_element\"><div class=\"wpb_wrapper\"><div class=\"fusion-layout-column fusion_builder_column fusion-builder-column-1 fusion_builder_column_1_2 1_2 fusion-one-half fusion-column-first\"><div class=\"fusion-column-wrapper fusion-flex-column-wrapper-legacy\"><div class=\"fusion-text fusion-text-1\"><p>El masaje sueco implica movimientos suaves, largos y de amasamiento, as\u00ed como suaves y r\u00edtmicos. Al proporcionar una presi\u00f3n de ligera a media, su objetivo es abordar la mayor\u00eda de las capas superiores de los m\u00fasculos. Los golpes se pueden combinar con el movimiento de las articulaciones para mejorar el efecto del masaje. El objetivo del masaje es aliviar la tensi\u00f3n muscular. Al hacerlo, puede ser relajante y energizante. Un masaje Sueco generalmente involucraba todo el cuerpo.\u00a0<\/p><\/div><\/div><\/div><\/div><\/div><\/div><\/div><\/div>\t\t\t\t\t\t\t\t<\/div>\n\t\t\t\t<\/div>\n\t\t\t\t<div class=\"elementor-element elementor-element-7209cec elementor-widget__width-initial elementor-widget-tablet__width-inherit elementor-widget elementor-widget-heading\" data-id=\"7209cec\" data-element_type=\"widget\" data-e-type=\"widget\" data-widget_type=\"heading.default\">\n\t\t\t\t<div class=\"elementor-widget-container\">\n\t\t\t\t\t<h3 class=\"elementor-heading-title elementor-size-default\">Liberaci\u00f3n Miofascial<\/h3>\t\t\t\t<\/div>\n\t\t\t\t<\/div>\n\t\t\t\t<div class=\"elementor-element elementor-element-637637d elementor-widget__width-initial elementor-widget-tablet__width-inherit elementor-widget elementor-widget-text-editor\" data-id=\"637637d\" data-element_type=\"widget\" data-e-type=\"widget\" data-widget_type=\"text-editor.default\">\n\t\t\t\t<div class=\"elementor-widget-container\">\n\t\t\t\t\t\t\t\t\t<div class=\"wpb_column vc_column_container vc_col-sm-6\"><div class=\"vc_column-inner\"><div class=\"wpb_wrapper\"><div class=\"wpb_text_column wpb_content_element\"><div class=\"wpb_wrapper\"><div class=\"fusion-layout-column fusion_builder_column fusion-builder-column-1 fusion_builder_column_1_2 1_2 fusion-one-half fusion-column-first\"><div class=\"fusion-column-wrapper fusion-flex-column-wrapper-legacy\"><div class=\"fusion-text fusion-text-1\"><p>La Liberaci\u00f3n Miofascial es una t\u00e9cnica pr\u00e1ctica segura y muy eficaz que implica aplicar una presi\u00f3n suave y sostenida en las restricciones del tejido conectivo miofascial para eliminar el dolor y restaurar el movimiento. Si se aplica lentamente, esta presi\u00f3n alentar\u00e1 a la fascia a regenerarse y realinearse. El trauma, las respuestas inflamatorias y\/o los procedimientos quir\u00fargicos crean restricciones y rigidez miofasciales que pueden ser la fuente de rigidez y dolor.\u00a0\u00a0<\/p><p>Cada cliente recibe un trato \u00fanico a su situaci\u00f3n. Las sesiones individuales son tratamientos pr\u00e1cticos durante los cuales el terapeuta utiliza una multitud de t\u00e9cnicas de liberaci\u00f3n miofascial y terapia de movimiento para mejorar el seguimiento, una sesi\u00f3n puede incluir instrucci\u00f3n en mec\u00e1nica corporal, auto liberaci\u00f3n y educaci\u00f3n sobre el efecto de las restricciones miofasciales y patrones de movimiento.<\/p><p>Cada sesi\u00f3n de Tratamiento de Liberaci\u00f3n Miofascial se realiza directamente sobre la piel sin aceites, cremas ni maquinaria. Esto permite al terapeuta detectar con precisi\u00f3n las restricciones fasciales y aplicar la cantidad adecuada de presi\u00f3n sostenida para facilitar la liberaci\u00f3n de la fascia.<\/p><\/div><\/div><\/div><\/div><\/div><\/div><\/div><\/div>\t\t\t\t\t\t\t\t<\/div>\n\t\t\t\t<\/div>\n\t\t\t\t\t<\/div>\n\t\t<\/div>\n\t\t\t\t\t<\/div>\n\t\t<\/section>\n\t\t\t\t<section class=\"elementor-section elementor-top-section elementor-element elementor-element-b81ca78 elementor-section-boxed elementor-section-height-default elementor-section-height-default\" data-id=\"b81ca78\" data-element_type=\"section\" data-e-type=\"section\" data-settings=\"{&quot;background_background&quot;:&quot;classic&quot;}\">\n\t\t\t\t\t\t\t<div class=\"elementor-background-overlay\"><\/div>\n\t\t\t\t\t\t\t<div class=\"elementor-container elementor-column-gap-wider\">\n\t\t\t\t\t<div class=\"elementor-column elementor-col-100 elementor-top-column elementor-element elementor-element-a89a94a elementor-invisible\" data-id=\"a89a94a\" data-element_type=\"column\" data-e-type=\"column\" data-settings=\"{&quot;animation&quot;:&quot;zoomIn&quot;}\">\n\t\t\t<div class=\"elementor-widget-wrap elementor-element-populated\">\n\t\t\t\t\t\t<div class=\"elementor-element elementor-element-5b5b429 elementor-widget elementor-widget-gallery\" data-id=\"5b5b429\" data-element_type=\"widget\" data-e-type=\"widget\" data-settings=\"{&quot;gap&quot;:{&quot;unit&quot;:&quot;px&quot;,&quot;size&quot;:0,&quot;sizes&quot;:[]},&quot;lazyload&quot;:&quot;yes&quot;,&quot;gallery_layout&quot;:&quot;grid&quot;,&quot;columns&quot;:4,&quot;columns_tablet&quot;:2,&quot;columns_mobile&quot;:1,&quot;gap_tablet&quot;:{&quot;unit&quot;:&quot;px&quot;,&quot;size&quot;:10,&quot;sizes&quot;:[]},&quot;gap_mobile&quot;:{&quot;unit&quot;:&quot;px&quot;,&quot;size&quot;:10,&quot;sizes&quot;:[]},&quot;link_to&quot;:&quot;file&quot;,&quot;aspect_ratio&quot;:&quot;3:2&quot;,&quot;overlay_background&quot;:&quot;yes&quot;,&quot;content_hover_animation&quot;:&quot;fade-in&quot;}\" data-widget_type=\"gallery.default\">\n\t\t\t\t<div class=\"elementor-widget-container\">\n\t\t\t\t\t\t\t<div class=\"elementor-gallery__container\">\n\t\t\t\t\t\t\t<a class=\"e-gallery-item elementor-gallery-item elementor-animated-content\" href=\"https:\/\/casonagranado.com\/wp-content\/uploads\/2021\/03\/pexels-cottonbro-3997989.jpg\" data-elementor-open-lightbox=\"yes\" data-elementor-lightbox-slideshow=\"5b5b429\" data-e-action-hash=\"#elementor-action%3Aaction%3Dlightbox%26settings%3DeyJpZCI6NTMyMiwidXJsIjoiaHR0cHM6XC9cL2Nhc29uYWdyYW5hZG8uY29tXC93cC1jb250ZW50XC91cGxvYWRzXC8yMDIxXC8wM1wvcGV4ZWxzLWNvdHRvbmJyby0zOTk3OTg5LmpwZyIsInNsaWRlc2hvdyI6IjViNWI0MjkifQ%3D%3D\">\n\t\t\t\t\t<div class=\"e-gallery-image elementor-gallery-item__image\" data-thumbnail=\"https:\/\/casonagranado.com\/wp-content\/uploads\/2021\/03\/pexels-cottonbro-3997989.jpg\" data-width=\"1920\" data-height=\"1280\" aria-label=\"\" role=\"img\" ><\/div>\n\t\t\t\t\t\t\t\t\t\t\t<div class=\"elementor-gallery-item__overlay\"><\/div>\n\t\t\t\t\t\t\t\t\t\t\t\t\t\t<\/a>\n\t\t\t\t\t\t\t<a class=\"e-gallery-item elementor-gallery-item elementor-animated-content\" href=\"https:\/\/casonagranado.com\/wp-content\/uploads\/2020\/10\/Casona-Granado-rm2-.8.jpg\" data-elementor-open-lightbox=\"yes\" data-elementor-lightbox-slideshow=\"5b5b429\" data-e-action-hash=\"#elementor-action%3Aaction%3Dlightbox%26settings%3DeyJpZCI6NDkzNCwidXJsIjoiaHR0cHM6XC9cL2Nhc29uYWdyYW5hZG8uY29tXC93cC1jb250ZW50XC91cGxvYWRzXC8yMDIwXC8xMFwvQ2Fzb25hLUdyYW5hZG8tcm0yLS44LmpwZyIsInNsaWRlc2hvdyI6IjViNWI0MjkifQ%3D%3D\">\n\t\t\t\t\t<div class=\"e-gallery-image elementor-gallery-item__image\" data-thumbnail=\"https:\/\/casonagranado.com\/wp-content\/uploads\/2020\/10\/Casona-Granado-rm2-.8.jpg\" data-width=\"1920\" data-height=\"970\" aria-label=\"\" role=\"img\" ><\/div>\n\t\t\t\t\t\t\t\t\t\t\t<div class=\"elementor-gallery-item__overlay\"><\/div>\n\t\t\t\t\t\t\t\t\t\t\t\t\t\t<\/a>\n\t\t\t\t\t\t\t<a class=\"e-gallery-item elementor-gallery-item elementor-animated-content\" href=\"https:\/\/casonagranado.com\/wp-content\/uploads\/2021\/03\/pexels-pixabay-355863.jpg\" data-elementor-open-lightbox=\"yes\" data-elementor-lightbox-slideshow=\"5b5b429\" data-e-action-hash=\"#elementor-action%3Aaction%3Dlightbox%26settings%3DeyJpZCI6NTI4NywidXJsIjoiaHR0cHM6XC9cL2Nhc29uYWdyYW5hZG8uY29tXC93cC1jb250ZW50XC91cGxvYWRzXC8yMDIxXC8wM1wvcGV4ZWxzLXBpeGFiYXktMzU1ODYzLmpwZyIsInNsaWRlc2hvdyI6IjViNWI0MjkifQ%3D%3D\">\n\t\t\t\t\t<div class=\"e-gallery-image elementor-gallery-item__image\" data-thumbnail=\"https:\/\/casonagranado.com\/wp-content\/uploads\/2021\/03\/pexels-pixabay-355863.jpg\" data-width=\"1920\" data-height=\"1280\" aria-label=\"\" role=\"img\" ><\/div>\n\t\t\t\t\t\t\t\t\t\t\t<div class=\"elementor-gallery-item__overlay\"><\/div>\n\t\t\t\t\t\t\t\t\t\t\t\t\t\t<\/a>\n\t\t\t\t\t\t\t<a class=\"e-gallery-item elementor-gallery-item elementor-animated-content\" href=\"https:\/\/casonagranado.com\/wp-content\/uploads\/2021\/03\/pexels-anna-tarazevich-6560304.jpg\" data-elementor-open-lightbox=\"yes\" data-elementor-lightbox-slideshow=\"5b5b429\" data-e-action-hash=\"#elementor-action%3Aaction%3Dlightbox%26settings%3DeyJpZCI6NTI4NiwidXJsIjoiaHR0cHM6XC9cL2Nhc29uYWdyYW5hZG8uY29tXC93cC1jb250ZW50XC91cGxvYWRzXC8yMDIxXC8wM1wvcGV4ZWxzLWFubmEtdGFyYXpldmljaC02NTYwMzA0LmpwZyIsInNsaWRlc2hvdyI6IjViNWI0MjkifQ%3D%3D\">\n\t\t\t\t\t<div class=\"e-gallery-image elementor-gallery-item__image\" data-thumbnail=\"https:\/\/casonagranado.com\/wp-content\/uploads\/2021\/03\/pexels-anna-tarazevich-6560304.jpg\" data-width=\"1280\" data-height=\"1920\" aria-label=\"\" role=\"img\" ><\/div>\n\t\t\t\t\t\t\t\t\t\t\t<div class=\"elementor-gallery-item__overlay\"><\/div>\n\t\t\t\t\t\t\t\t\t\t\t\t\t\t<\/a>\n\t\t\t\t\t<\/div>\n\t\t\t\t\t<\/div>\n\t\t\t\t<\/div>\n\t\t\t\t\t<\/div>\n\t\t<\/div>\n\t\t\t\t\t<\/div>\n\t\t<\/section>\n\t\t\t\t<section class=\"elementor-section elementor-top-section elementor-element elementor-element-079f1ec elementor-section-content-middle elementor-section-boxed elementor-section-height-default elementor-section-height-default\" data-id=\"079f1ec\" data-element_type=\"section\" data-e-type=\"section\">\n\t\t\t\t\t\t<div class=\"elementor-container elementor-column-gap-wider\">\n\t\t\t\t\t<div class=\"elementor-column elementor-col-100 elementor-top-column elementor-element elementor-element-a273724 elementor-invisible\" data-id=\"a273724\" data-element_type=\"column\" data-e-type=\"column\" data-settings=\"{&quot;animation&quot;:&quot;slideInUp&quot;}\">\n\t\t\t<div class=\"elementor-widget-wrap elementor-element-populated\">\n\t\t\t\t\t\t<div class=\"elementor-element elementor-element-f6f1663 elementor-widget__width-initial elementor-widget-tablet__width-inherit elementor-widget elementor-widget-heading\" data-id=\"f6f1663\" data-element_type=\"widget\" data-e-type=\"widget\" data-widget_type=\"heading.default\">\n\t\t\t\t<div class=\"elementor-widget-container\">\n\t\t\t\t\t<h3 class=\"elementor-heading-title elementor-size-default\">Masaje de tejido profundo<\/h3>\t\t\t\t<\/div>\n\t\t\t\t<\/div>\n\t\t\t\t<div class=\"elementor-element elementor-element-1def0d4 elementor-widget__width-initial elementor-widget-tablet__width-inherit elementor-widget elementor-widget-text-editor\" data-id=\"1def0d4\" data-element_type=\"widget\" data-e-type=\"widget\" data-widget_type=\"text-editor.default\">\n\t\t\t\t<div class=\"elementor-widget-container\">\n\t\t\t\t\t\t\t\t\t<div class=\"wpb_column vc_column_container vc_col-sm-6\"><div class=\"vc_column-inner\"><div class=\"wpb_wrapper\"><div class=\"wpb_text_column wpb_content_element\"><div class=\"wpb_wrapper\"><div class=\"fusion-layout-column fusion_builder_column fusion-builder-column-1 fusion_builder_column_1_2 1_2 fusion-one-half fusion-column-first\"><div class=\"fusion-column-wrapper fusion-flex-column-wrapper-legacy\"><div class=\"fusion-text fusion-text-1\"><p>Un masaje de tejido profundo suele estar m\u00e1s dirigido a las \u00e1reas problem\u00e1ticas del cuerpo. Implica aplicar presi\u00f3n firme y movimientos lentos para llegar a las capas m\u00e1s profundas de los m\u00fasculos y la fascia (el tejido conectivo que rodea los m\u00fasculos). El masaje de tejido profundo es beneficioso para los dolores y molestias cr\u00f3nicas. Puede ayudar a relajar \u00e1reas problem\u00e1ticas como rigidez en el cuello y la parte superior de la espalda, dolor lumbar, tensi\u00f3n en los m\u00fasculos de las piernas, dolor en el brazo y dolor en el hombro.\u00a0<\/p><p>Nacido en los Pa\u00edses Bajos, Martin complet\u00f3 la escuela de Terapia Ocupacional de Amsterdam. Trabaj\u00f3 como terapeuta ocupacional con licencia, inicialmente en los Pa\u00edses Bajos y desde 1993 en los Estados Unidos. Trabajar como terapeuta ocupacional le dio una comprensi\u00f3n profunda de la funci\u00f3n del cuerpo humano en relaci\u00f3n con la realizaci\u00f3n de actividades, as\u00ed como las lesiones que pueden resultar de estas. Trabaj\u00f3 en diferentes entornos de tratamiento, incluidos el dolor cr\u00f3nico, la atenci\u00f3n posoperatoria, la neurolog\u00eda y la ortopedia.\u00a0<\/p><p>Se retir\u00f3 de su trabajo como terapeuta ocupacional en diciembre de 2018 y se mud\u00f3 a Espa\u00f1a para buscar nuevas oportunidades.\u00a0<\/p><p>Martin disfruta viviendo en el sur de Espa\u00f1a. Habla fluido holand\u00e9s \/ neerland\u00e9s e ingl\u00e9s. Su espa\u00f1ol es limitado pero est\u00e1 trabajando para mejorar su dominio del idioma.<\/p><\/div><\/div><\/div><\/div><\/div><\/div><\/div><\/div>\t\t\t\t\t\t\t\t<\/div>\n\t\t\t\t<\/div>\n\t\t\t\t\t<\/div>\n\t\t<\/div>\n\t\t\t\t\t<\/div>\n\t\t<\/section>\n\t\t\t\t<\/div>","protected":false},"excerpt":{"rendered":"<p>Massage Martin Jansen, Massage therapist\u00a0 completed a 500 hour massage therapist training at School of Holistic Touch in Ontario, California USA in 2008. He attended a myofascial release and unwinding course with John Barnes in the US. He was licensed as a massage therapist in The state of California, while residing there.\u00a0 Martin creates a [&hellip;]<\/p>\n","protected":false},"author":11,"featured_media":5638,"parent":0,"menu_order":0,"comment_status":"closed","ping_status":"closed","template":"","meta":{"_acf_changed":false,"footnotes":""},"class_list":["post-5321","page","type-page","status-publish","has-post-thumbnail","hentry"],"acf":[],"_links":{"self":[{"href":"https:\/\/casonagranado.com\/es\/wp-json\/wp\/v2\/pages\/5321","targetHints":{"allow":["GET"]}}],"collection":[{"href":"https:\/\/casonagranado.com\/es\/wp-json\/wp\/v2\/pages"}],"about":[{"href":"https:\/\/casonagranado.com\/es\/wp-json\/wp\/v2\/types\/page"}],"author":[{"embeddable":true,"href":"https:\/\/casonagranado.com\/es\/wp-json\/wp\/v2\/users\/11"}],"replies":[{"embeddable":true,"href":"https:\/\/casonagranado.com\/es\/wp-json\/wp\/v2\/comments?post=5321"}],"version-history":[{"count":0,"href":"https:\/\/casonagranado.com\/es\/wp-json\/wp\/v2\/pages\/5321\/revisions"}],"wp:featuredmedia":[{"embeddable":true,"href":"https:\/\/casonagranado.com\/es\/wp-json\/wp\/v2\/media\/5638"}],"wp:attachment":[{"href":"https:\/\/casonagranado.com\/es\/wp-json\/wp\/v2\/media?parent=5321"}],"curies":[{"name":"wp","href":"https:\/\/api.w.org\/{rel}","templated":true}]}}