{"id":5305,"date":"2021-03-12T06:11:23","date_gmt":"2021-03-12T06:11:23","guid":{"rendered":"https:\/\/casonagranado.com\/?page_id=5305"},"modified":"2021-05-19T02:20:15","modified_gmt":"2021-05-19T02:20:15","slug":"horse-riding","status":"publish","type":"page","link":"https:\/\/casonagranado.com\/es\/horse-riding\/","title":{"rendered":"Equitaci\u00f3n"},"content":{"rendered":"<div data-elementor-type=\"wp-page\" data-elementor-id=\"5305\" class=\"elementor elementor-5305\" data-elementor-post-type=\"page\">\n\t\t\t\t\t\t<section class=\"elementor-section elementor-top-section elementor-element elementor-element-d7e48c8 elementor-section-full_width elementor-section-height-default elementor-section-height-default\" data-id=\"d7e48c8\" data-element_type=\"section\" data-e-type=\"section\">\n\t\t\t\t\t\t<div class=\"elementor-container elementor-column-gap-default\">\n\t\t\t\t\t<div class=\"elementor-column elementor-col-100 elementor-top-column elementor-element elementor-element-7cab939\" data-id=\"7cab939\" data-element_type=\"column\" data-e-type=\"column\">\n\t\t\t<div class=\"elementor-widget-wrap elementor-element-populated\">\n\t\t\t\t\t\t<div class=\"elementor-element elementor-element-15a40ff elementor-widget elementor-widget-template\" data-id=\"15a40ff\" data-element_type=\"widget\" data-e-type=\"widget\" data-widget_type=\"template.default\">\n\t\t\t\t<div class=\"elementor-widget-container\">\n\t\t\t\t\t\t\t<div class=\"elementor-template\">\n\t\t\t\t\t<div data-elementor-type=\"section\" data-elementor-id=\"3445\" class=\"elementor elementor-3445\" data-elementor-post-type=\"elementor_library\">\n\t\t\t\t\t<section class=\"elementor-section elementor-top-section elementor-element elementor-element-5798e86b elementor-section-height-min-height elementor-section-items-bottom elementor-section-boxed elementor-section-height-default\" data-id=\"5798e86b\" data-element_type=\"section\" data-e-type=\"section\" data-settings=\"{&quot;background_background&quot;:&quot;classic&quot;}\">\n\t\t\t\t\t\t\t<div class=\"elementor-background-overlay\"><\/div>\n\t\t\t\t\t\t\t<div class=\"elementor-container elementor-column-gap-default\">\n\t\t\t\t\t<div class=\"elementor-column elementor-col-100 elementor-top-column elementor-element elementor-element-45cf7a8b\" data-id=\"45cf7a8b\" data-element_type=\"column\" data-e-type=\"column\">\n\t\t\t<div class=\"elementor-widget-wrap elementor-element-populated\">\n\t\t\t\t\t\t\t<\/div>\n\t\t<\/div>\n\t\t\t\t\t<\/div>\n\t\t<\/section>\n\t\t\t\t<\/div>\n\t\t\t\t<\/div>\n\t\t\t\t\t\t<\/div>\n\t\t\t\t<\/div>\n\t\t\t\t\t<\/div>\n\t\t<\/div>\n\t\t\t\t\t<\/div>\n\t\t<\/section>\n\t\t\t\t<section class=\"elementor-section elementor-top-section elementor-element elementor-element-c36214c elementor-section-content-middle elementor-section-boxed elementor-section-height-default elementor-section-height-default\" data-id=\"c36214c\" data-element_type=\"section\" data-e-type=\"section\">\n\t\t\t\t\t\t<div class=\"elementor-container elementor-column-gap-wider\">\n\t\t\t\t\t<div class=\"elementor-column elementor-col-100 elementor-top-column elementor-element elementor-element-e847abc\" data-id=\"e847abc\" data-element_type=\"column\" data-e-type=\"column\">\n\t\t\t<div class=\"elementor-widget-wrap elementor-element-populated\">\n\t\t\t\t\t\t<div class=\"elementor-element elementor-element-e8a56b8 elementor-view-stacked elementor-shape-circle elementor-widget elementor-widget-icon\" data-id=\"e8a56b8\" data-element_type=\"widget\" data-e-type=\"widget\" data-widget_type=\"icon.default\">\n\t\t\t\t<div class=\"elementor-widget-container\">\n\t\t\t\t\t\t\t<div class=\"elementor-icon-wrapper\">\n\t\t\t<div class=\"elementor-icon\">\n\t\t\t<i aria-hidden=\"true\" class=\"fab fa-pagelines\"><\/i>\t\t\t<\/div>\n\t\t<\/div>\n\t\t\t\t\t\t<\/div>\n\t\t\t\t<\/div>\n\t\t\t\t<div class=\"elementor-element elementor-element-3cb22a7 elementor-widget__width-initial elementor-widget-tablet__width-inherit elementor-widget elementor-widget-heading\" data-id=\"3cb22a7\" data-element_type=\"widget\" data-e-type=\"widget\" data-widget_type=\"heading.default\">\n\t\t\t\t<div class=\"elementor-widget-container\">\n\t\t\t\t\t<h3 class=\"elementor-heading-title elementor-size-default\">Equitaci\u00f3n<\/h3>\t\t\t\t<\/div>\n\t\t\t\t<\/div>\n\t\t\t\t<div class=\"elementor-element elementor-element-47f8bb2 elementor-widget__width-initial elementor-widget-tablet__width-inherit elementor-widget elementor-widget-text-editor\" data-id=\"47f8bb2\" data-element_type=\"widget\" data-e-type=\"widget\" data-widget_type=\"text-editor.default\">\n\t\t\t\t<div class=\"elementor-widget-container\">\n\t\t\t\t\t\t\t\t\t<p>La ruta \u201cValle del B\u00faho\u201d a caballo recorre el Desierto de Tabernas para disfrutar de este paisaje excepcional. Una ruta a caballo de 1.30h. duraci\u00f3n que no debes perderte si vienes a Almer\u00eda. Paisaje, naturaleza, cine e historia\u2026 Pisar\u00e1s los bulevares donde cabalgaban los indios y vaqueros, Indiana Jones o los Dothrakis, donde se rod\u00f3 la famosa Batalla de Guettar (Patton 1969) y tambi\u00e9n la batalla de los egipcios contra los hititas (\u00c9xodo 2014) entre muchos otros t\u00edtulos que utiliz\u00f3 este tel\u00f3n de fondo. Fondo \u00fanico.<\/p><p>Nuestras rutas est\u00e1n guiadas con monitores certificados y cumplen con todas las medidas de seguridad.<\/p><p><a href=\"https:\/\/www.malcaminos.com\/ruta-a-caballo-valle-del-buho\/#regdl=el-valle-del-buho\" target=\"_blank\" rel=\"noopener\">Ahora puede realizar su reserva a trav\u00e9s de nuestro sitio web.<\/a><\/p><p>Si eres un aficionado a los caballos, quieres venir de vacaciones con tu compa\u00f1ero de cuatro patas, te prepararemos rutas a tu medida,\u00a0<a href=\"https:\/\/www.malcaminos.com\/contacto-2\/\" target=\"_blank\" rel=\"noopener\">Contactanos<\/a>\u00a0. Te ofrecemos varias opciones tanto por el desierto de Tabernas como por la costa de Almer\u00eda o el interior.<\/p>\t\t\t\t\t\t\t\t<\/div>\n\t\t\t\t<\/div>\n\t\t\t\t\t<\/div>\n\t\t<\/div>\n\t\t\t\t\t<\/div>\n\t\t<\/section>\n\t\t\t\t<section class=\"elementor-section elementor-top-section elementor-element elementor-element-e47f426 elementor-section-boxed elementor-section-height-default elementor-section-height-default\" data-id=\"e47f426\" data-element_type=\"section\" data-e-type=\"section\" data-settings=\"{&quot;background_background&quot;:&quot;classic&quot;}\">\n\t\t\t\t\t\t\t<div class=\"elementor-background-overlay\"><\/div>\n\t\t\t\t\t\t\t<div class=\"elementor-container elementor-column-gap-wider\">\n\t\t\t\t\t<div class=\"elementor-column elementor-col-100 elementor-top-column elementor-element elementor-element-d6b3de8 elementor-invisible\" data-id=\"d6b3de8\" data-element_type=\"column\" data-e-type=\"column\" data-settings=\"{&quot;animation&quot;:&quot;zoomIn&quot;}\">\n\t\t\t<div class=\"elementor-widget-wrap elementor-element-populated\">\n\t\t\t\t\t\t<div class=\"elementor-element elementor-element-04f55e6 elementor-widget elementor-widget-gallery\" data-id=\"04f55e6\" data-element_type=\"widget\" data-e-type=\"widget\" data-settings=\"{&quot;gap&quot;:{&quot;unit&quot;:&quot;px&quot;,&quot;size&quot;:0,&quot;sizes&quot;:[]},&quot;lazyload&quot;:&quot;yes&quot;,&quot;gallery_layout&quot;:&quot;grid&quot;,&quot;columns&quot;:4,&quot;columns_tablet&quot;:2,&quot;columns_mobile&quot;:1,&quot;gap_tablet&quot;:{&quot;unit&quot;:&quot;px&quot;,&quot;size&quot;:10,&quot;sizes&quot;:[]},&quot;gap_mobile&quot;:{&quot;unit&quot;:&quot;px&quot;,&quot;size&quot;:10,&quot;sizes&quot;:[]},&quot;link_to&quot;:&quot;file&quot;,&quot;aspect_ratio&quot;:&quot;3:2&quot;,&quot;overlay_background&quot;:&quot;yes&quot;,&quot;content_hover_animation&quot;:&quot;fade-in&quot;}\" data-widget_type=\"gallery.default\">\n\t\t\t\t<div class=\"elementor-widget-container\">\n\t\t\t\t\t\t\t<div class=\"elementor-gallery__container\">\n\t\t\t\t\t\t\t<a class=\"e-gallery-item elementor-gallery-item elementor-animated-content\" href=\"https:\/\/casonagranado.com\/wp-content\/uploads\/2021\/05\/HORSES-2.jpg\" data-elementor-open-lightbox=\"yes\" data-elementor-lightbox-slideshow=\"04f55e6\" data-e-action-hash=\"#elementor-action%3Aaction%3Dlightbox%26settings%3DeyJpZCI6NjIyNCwidXJsIjoiaHR0cHM6XC9cL2Nhc29uYWdyYW5hZG8uY29tXC93cC1jb250ZW50XC91cGxvYWRzXC8yMDIxXC8wNVwvSE9SU0VTLTIuanBnIiwic2xpZGVzaG93IjoiMDRmNTVlNiJ9\">\n\t\t\t\t\t<div class=\"e-gallery-image elementor-gallery-item__image\" data-thumbnail=\"https:\/\/casonagranado.com\/wp-content\/uploads\/2021\/05\/HORSES-2.jpg\" data-width=\"1920\" data-height=\"1440\" aria-label=\"\" role=\"img\" ><\/div>\n\t\t\t\t\t\t\t\t\t\t\t<div class=\"elementor-gallery-item__overlay\"><\/div>\n\t\t\t\t\t\t\t\t\t\t\t\t\t\t<\/a>\n\t\t\t\t\t\t\t<a class=\"e-gallery-item elementor-gallery-item elementor-animated-content\" href=\"https:\/\/casonagranado.com\/wp-content\/uploads\/2021\/05\/HORSES-3.jpg\" data-elementor-open-lightbox=\"yes\" data-elementor-lightbox-slideshow=\"04f55e6\" data-e-action-hash=\"#elementor-action%3Aaction%3Dlightbox%26settings%3DeyJpZCI6NjIyNSwidXJsIjoiaHR0cHM6XC9cL2Nhc29uYWdyYW5hZG8uY29tXC93cC1jb250ZW50XC91cGxvYWRzXC8yMDIxXC8wNVwvSE9SU0VTLTMuanBnIiwic2xpZGVzaG93IjoiMDRmNTVlNiJ9\">\n\t\t\t\t\t<div class=\"e-gallery-image elementor-gallery-item__image\" data-thumbnail=\"https:\/\/casonagranado.com\/wp-content\/uploads\/2021\/05\/HORSES-3.jpg\" data-width=\"1920\" data-height=\"1440\" aria-label=\"\" role=\"img\" ><\/div>\n\t\t\t\t\t\t\t\t\t\t\t<div class=\"elementor-gallery-item__overlay\"><\/div>\n\t\t\t\t\t\t\t\t\t\t\t\t\t\t<\/a>\n\t\t\t\t\t\t\t<a class=\"e-gallery-item elementor-gallery-item elementor-animated-content\" href=\"https:\/\/casonagranado.com\/wp-content\/uploads\/2021\/05\/HORSES-4.jpg\" data-elementor-open-lightbox=\"yes\" data-elementor-lightbox-slideshow=\"04f55e6\" data-e-action-hash=\"#elementor-action%3Aaction%3Dlightbox%26settings%3DeyJpZCI6NjIyNiwidXJsIjoiaHR0cHM6XC9cL2Nhc29uYWdyYW5hZG8uY29tXC93cC1jb250ZW50XC91cGxvYWRzXC8yMDIxXC8wNVwvSE9SU0VTLTQuanBnIiwic2xpZGVzaG93IjoiMDRmNTVlNiJ9\">\n\t\t\t\t\t<div class=\"e-gallery-image elementor-gallery-item__image\" data-thumbnail=\"https:\/\/casonagranado.com\/wp-content\/uploads\/2021\/05\/HORSES-4.jpg\" data-width=\"1629\" data-height=\"1920\" aria-label=\"\" role=\"img\" ><\/div>\n\t\t\t\t\t\t\t\t\t\t\t<div class=\"elementor-gallery-item__overlay\"><\/div>\n\t\t\t\t\t\t\t\t\t\t\t\t\t\t<\/a>\n\t\t\t\t\t\t\t<a class=\"e-gallery-item elementor-gallery-item elementor-animated-content\" href=\"https:\/\/casonagranado.com\/wp-content\/uploads\/2021\/05\/HORSES-5.jpg\" data-elementor-open-lightbox=\"yes\" data-elementor-lightbox-slideshow=\"04f55e6\" data-e-action-hash=\"#elementor-action%3Aaction%3Dlightbox%26settings%3DeyJpZCI6NjIyNywidXJsIjoiaHR0cHM6XC9cL2Nhc29uYWdyYW5hZG8uY29tXC93cC1jb250ZW50XC91cGxvYWRzXC8yMDIxXC8wNVwvSE9SU0VTLTUuanBnIiwic2xpZGVzaG93IjoiMDRmNTVlNiJ9\">\n\t\t\t\t\t<div class=\"e-gallery-image elementor-gallery-item__image\" data-thumbnail=\"https:\/\/casonagranado.com\/wp-content\/uploads\/2021\/05\/HORSES-5.jpg\" data-width=\"1920\" data-height=\"1440\" aria-label=\"\" role=\"img\" ><\/div>\n\t\t\t\t\t\t\t\t\t\t\t<div class=\"elementor-gallery-item__overlay\"><\/div>\n\t\t\t\t\t\t\t\t\t\t\t\t\t\t<\/a>\n\t\t\t\t\t<\/div>\n\t\t\t\t\t<\/div>\n\t\t\t\t<\/div>\n\t\t\t\t\t<\/div>\n\t\t<\/div>\n\t\t\t\t\t<\/div>\n\t\t<\/section>\n\t\t\t\t<\/div>","protected":false},"excerpt":{"rendered":"<p>Horse Riding The \u201cValley of the Owl\u201d route on horseback runs through the Tabernas Desert to enjoy this exceptional landscape.\u00a0A route on horseback of 1.30h.\u00a0duration that you should not miss if you come to Almer\u00eda.\u00a0Landscape, nature, cinema and history\u2026.\u00a0You will step on the boulevards where the Indians and cowboys, Indiana Jones or the Dothrakis rode, [&hellip;]<\/p>\n","protected":false},"author":11,"featured_media":5634,"parent":0,"menu_order":0,"comment_status":"closed","ping_status":"closed","template":"","meta":{"_acf_changed":false,"footnotes":""},"class_list":["post-5305","page","type-page","status-publish","has-post-thumbnail","hentry"],"acf":[],"_links":{"self":[{"href":"https:\/\/casonagranado.com\/es\/wp-json\/wp\/v2\/pages\/5305","targetHints":{"allow":["GET"]}}],"collection":[{"href":"https:\/\/casonagranado.com\/es\/wp-json\/wp\/v2\/pages"}],"about":[{"href":"https:\/\/casonagranado.com\/es\/wp-json\/wp\/v2\/types\/page"}],"author":[{"embeddable":true,"href":"https:\/\/casonagranado.com\/es\/wp-json\/wp\/v2\/users\/11"}],"replies":[{"embeddable":true,"href":"https:\/\/casonagranado.com\/es\/wp-json\/wp\/v2\/comments?post=5305"}],"version-history":[{"count":0,"href":"https:\/\/casonagranado.com\/es\/wp-json\/wp\/v2\/pages\/5305\/revisions"}],"wp:featuredmedia":[{"embeddable":true,"href":"https:\/\/casonagranado.com\/es\/wp-json\/wp\/v2\/media\/5634"}],"wp:attachment":[{"href":"https:\/\/casonagranado.com\/es\/wp-json\/wp\/v2\/media?parent=5305"}],"curies":[{"name":"wp","href":"https:\/\/api.w.org\/{rel}","templated":true}]}}