{"id":3199,"date":"2020-10-09T07:15:11","date_gmt":"2020-10-09T07:15:11","guid":{"rendered":"https:\/\/casonagranado.com\/?page_id=3199"},"modified":"2021-05-21T05:33:14","modified_gmt":"2021-05-21T05:33:14","slug":"special-breaks","status":"publish","type":"page","link":"https:\/\/casonagranado.com\/es\/special-breaks\/","title":{"rendered":"Descansos Especiales"},"content":{"rendered":"<div data-elementor-type=\"wp-page\" data-elementor-id=\"3199\" class=\"elementor elementor-3199\" data-elementor-post-type=\"page\">\n\t\t\t\t\t\t<section class=\"elementor-section elementor-top-section elementor-element elementor-element-5806b19 elementor-section-full_width elementor-section-height-default elementor-section-height-default\" data-id=\"5806b19\" data-element_type=\"section\" data-e-type=\"section\">\n\t\t\t\t\t\t<div class=\"elementor-container elementor-column-gap-default\">\n\t\t\t\t\t<div class=\"elementor-column elementor-col-100 elementor-top-column elementor-element elementor-element-d4f6b17\" data-id=\"d4f6b17\" data-element_type=\"column\" data-e-type=\"column\">\n\t\t\t<div class=\"elementor-widget-wrap\">\n\t\t\t\t\t\t\t<\/div>\n\t\t<\/div>\n\t\t\t\t\t<\/div>\n\t\t<\/section>\n\t\t\t\t<section class=\"elementor-section elementor-top-section elementor-element elementor-element-dc8820d elementor-section-height-min-height elementor-section-items-bottom elementor-section-boxed elementor-section-height-default\" data-id=\"dc8820d\" data-element_type=\"section\" data-e-type=\"section\" data-settings=\"{&quot;background_background&quot;:&quot;classic&quot;}\">\n\t\t\t\t\t\t\t<div class=\"elementor-background-overlay\"><\/div>\n\t\t\t\t\t\t\t<div class=\"elementor-container elementor-column-gap-default\">\n\t\t\t\t\t<div class=\"elementor-column elementor-col-100 elementor-top-column elementor-element elementor-element-2a696b2\" data-id=\"2a696b2\" data-element_type=\"column\" data-e-type=\"column\">\n\t\t\t<div class=\"elementor-widget-wrap elementor-element-populated\">\n\t\t\t\t\t\t\t<\/div>\n\t\t<\/div>\n\t\t\t\t\t<\/div>\n\t\t<\/section>\n\t\t\t\t<section class=\"elementor-section elementor-top-section elementor-element elementor-element-c655102 elementor-section-content-middle elementor-section-boxed elementor-section-height-default elementor-section-height-default\" data-id=\"c655102\" data-element_type=\"section\" data-e-type=\"section\" data-settings=\"{&quot;background_background&quot;:&quot;classic&quot;}\">\n\t\t\t\t\t\t<div class=\"elementor-container elementor-column-gap-wider\">\n\t\t\t\t\t<div class=\"elementor-column elementor-col-50 elementor-top-column elementor-element elementor-element-ddbc73a elementor-invisible\" data-id=\"ddbc73a\" data-element_type=\"column\" data-e-type=\"column\" data-settings=\"{&quot;animation&quot;:&quot;fadeIn&quot;}\">\n\t\t\t<div class=\"elementor-widget-wrap elementor-element-populated\">\n\t\t\t\t\t\t<div class=\"elementor-element elementor-element-8ba4d72 elementor-widget__width-initial elementor-widget elementor-widget-heading\" data-id=\"8ba4d72\" data-element_type=\"widget\" data-e-type=\"widget\" data-widget_type=\"heading.default\">\n\t\t\t\t<div class=\"elementor-widget-container\">\n\t\t\t\t\t<h2 class=\"elementor-heading-title elementor-size-default\">VACACIONES CREATIVAS ... ININTERRUMPIDAS<\/h2>\t\t\t\t<\/div>\n\t\t\t\t<\/div>\n\t\t\t\t<div class=\"elementor-element elementor-element-d2c4333 elementor-view-stacked elementor-shape-circle elementor-widget elementor-widget-icon\" data-id=\"d2c4333\" data-element_type=\"widget\" data-e-type=\"widget\" data-widget_type=\"icon.default\">\n\t\t\t\t<div class=\"elementor-widget-container\">\n\t\t\t\t\t\t\t<div class=\"elementor-icon-wrapper\">\n\t\t\t<div class=\"elementor-icon\">\n\t\t\t<i aria-hidden=\"true\" class=\"fab fa-pagelines\"><\/i>\t\t\t<\/div>\n\t\t<\/div>\n\t\t\t\t\t\t<\/div>\n\t\t\t\t<\/div>\n\t\t\t\t<div class=\"elementor-element elementor-element-a01d83f elementor-widget elementor-widget-heading\" data-id=\"a01d83f\" data-element_type=\"widget\" data-e-type=\"widget\" data-widget_type=\"heading.default\">\n\t\t\t\t<div class=\"elementor-widget-container\">\n\t\t\t\t\t<span class=\"elementor-heading-title elementor-size-default\">JUNTO CON ALGUNOS PROFESORES Y FACILITADORES DOTADOS.<\/span>\t\t\t\t<\/div>\n\t\t\t\t<\/div>\n\t\t\t\t<div class=\"elementor-element elementor-element-882af9f elementor-widget elementor-widget-text-editor\" data-id=\"882af9f\" data-element_type=\"widget\" data-e-type=\"widget\" data-widget_type=\"text-editor.default\">\n\t\t\t\t<div class=\"elementor-widget-container\">\n\t\t\t\t\t\t\t\t\t<p>Vacaciones inmersivas con cursos inspiradores dise\u00f1ados para conectarte con la naturaleza e involucrar tus procesos creativos: tu camino para liberar tu esp\u00edritu y transformar tu creatividad en un espacio \u00fanico evocador, inspirador y enriquecedor.<\/p><p>Ofrecemos vacaciones de aprendizaje de 6 noches con programas para todos los gustos. Desde escritura creativa, fotograf\u00eda, canto y reproducci\u00f3n de m\u00fasica hasta Feng Shui y Yoga.<br \/>Estamos agregando nuevos programas todo el tiempo, as\u00ed que marque esta p\u00e1gina o suscr\u00edbase a nuestro bolet\u00edn.<\/p>\t\t\t\t\t\t\t\t<\/div>\n\t\t\t\t<\/div>\n\t\t\t\t\t<\/div>\n\t\t<\/div>\n\t\t\t\t<div class=\"elementor-column elementor-col-50 elementor-top-column elementor-element elementor-element-f791c5b\" data-id=\"f791c5b\" data-element_type=\"column\" data-e-type=\"column\">\n\t\t\t<div class=\"elementor-widget-wrap elementor-element-populated\">\n\t\t\t\t\t\t<div class=\"elementor-element elementor-element-57e18a5 elementor-invisible elementor-widget elementor-widget-image\" data-id=\"57e18a5\" data-element_type=\"widget\" data-e-type=\"widget\" data-settings=\"{&quot;_animation&quot;:&quot;zoomIn&quot;}\" data-widget_type=\"image.default\">\n\t\t\t\t<div class=\"elementor-widget-container\">\n\t\t\t\t\t\t\t\t\t\t\t\t\t\t\t<img fetchpriority=\"high\" decoding=\"async\" width=\"558\" height=\"371\" src=\"https:\/\/casonagranado.com\/wp-content\/uploads\/2020\/11\/Yoga-Bex-e1532682749504.jpg\" class=\"attachment-full size-full wp-image-3724\" alt=\"\" srcset=\"https:\/\/casonagranado.com\/wp-content\/uploads\/2020\/11\/Yoga-Bex-e1532682749504.jpg 558w, https:\/\/casonagranado.com\/wp-content\/uploads\/2020\/11\/Yoga-Bex-e1532682749504-300x199.jpg 300w\" sizes=\"(max-width: 558px) 100vw, 558px\" \/>\t\t\t\t\t\t\t\t\t\t\t\t\t\t\t<\/div>\n\t\t\t\t<\/div>\n\t\t\t\t\t<\/div>\n\t\t<\/div>\n\t\t\t\t\t<\/div>\n\t\t<\/section>\n\t\t\t\t<section class=\"elementor-section elementor-top-section elementor-element elementor-element-9a8a60e elementor-section-boxed elementor-section-height-default elementor-section-height-default\" data-id=\"9a8a60e\" data-element_type=\"section\" data-e-type=\"section\" data-settings=\"{&quot;background_background&quot;:&quot;classic&quot;}\">\n\t\t\t\t\t\t\t<div class=\"elementor-background-overlay\"><\/div>\n\t\t\t\t\t\t\t<div class=\"elementor-container elementor-column-gap-wider\">\n\t\t\t\t\t<div class=\"elementor-column elementor-col-100 elementor-top-column elementor-element elementor-element-aed8ca4 elementor-invisible\" data-id=\"aed8ca4\" data-element_type=\"column\" data-e-type=\"column\" data-settings=\"{&quot;animation&quot;:&quot;zoomIn&quot;}\">\n\t\t\t<div class=\"elementor-widget-wrap elementor-element-populated\">\n\t\t\t\t\t\t<div class=\"elementor-element elementor-element-65a014a elementor-widget__width-inherit elementor-widget elementor-widget-heading\" data-id=\"65a014a\" data-element_type=\"widget\" data-e-type=\"widget\" data-widget_type=\"heading.default\">\n\t\t\t\t<div class=\"elementor-widget-container\">\n\t\t\t\t\t<h2 class=\"elementor-heading-title elementor-size-default\">Programa 2021\/22<\/h2>\t\t\t\t<\/div>\n\t\t\t\t<\/div>\n\t\t\t\t<div class=\"elementor-element elementor-element-d5aa263 elementor-widget__width-initial elementor-widget-tablet__width-inherit elementor-widget elementor-widget-text-editor\" data-id=\"d5aa263\" data-element_type=\"widget\" data-e-type=\"widget\" data-widget_type=\"text-editor.default\">\n\t\t\t\t<div class=\"elementor-widget-container\">\n\t\t\t\t\t\t\t\t\t<p>Dise\u00f1amos nuestros cursos en torno a grupos reducidos, por lo que las plazas son limitadas. Creemos que es en este lugar \u00fanico de tranquilo respiro \u00edntimo, comodidad, revitalizaci\u00f3n, colaboraci\u00f3n y conexi\u00f3n, donde inspiraremos y energizaremos verdades m\u00e1s profundas, descubriremos nuevos talentos y pasiones y redescubriremos los perdidos.<\/p><p>Para retiros corporativos, Casona Granado cuenta con ocho encantadoras habitaciones y espacios para reuniones, todos ideales para alojar a su grupo en un espl\u00e9ndido aislamiento. Adem\u00e1s, contamos con una variedad de espacios adecuados para reuniones de negocios discretos o animados para grupos de dos a cincuenta personas.<\/p>\t\t\t\t\t\t\t\t<\/div>\n\t\t\t\t<\/div>\n\t\t\t\t<section class=\"elementor-section elementor-inner-section elementor-element elementor-element-b378b37 elementor-section-boxed elementor-section-height-default elementor-section-height-default\" data-id=\"b378b37\" data-element_type=\"section\" data-e-type=\"section\">\n\t\t\t\t\t\t<div class=\"elementor-container elementor-column-gap-default\">\n\t\t\t\t\t<div class=\"elementor-column elementor-col-100 elementor-inner-column elementor-element elementor-element-89dda29\" data-id=\"89dda29\" data-element_type=\"column\" data-e-type=\"column\">\n\t\t\t<div class=\"elementor-widget-wrap elementor-element-populated\">\n\t\t\t\t\t\t<div class=\"elementor-element elementor-element-57daea5 elementor-grid-2 elementor-posts--align-center elementor-grid-tablet-2 elementor-grid-mobile-1 elementor-posts--thumbnail-top elementor-widget elementor-widget-posts\" data-id=\"57daea5\" data-element_type=\"widget\" data-e-type=\"widget\" data-settings=\"{&quot;classic_columns&quot;:&quot;2&quot;,&quot;classic_columns_tablet&quot;:&quot;2&quot;,&quot;classic_columns_mobile&quot;:&quot;1&quot;,&quot;classic_row_gap&quot;:{&quot;unit&quot;:&quot;px&quot;,&quot;size&quot;:35,&quot;sizes&quot;:[]},&quot;classic_row_gap_tablet&quot;:{&quot;unit&quot;:&quot;px&quot;,&quot;size&quot;:&quot;&quot;,&quot;sizes&quot;:[]},&quot;classic_row_gap_mobile&quot;:{&quot;unit&quot;:&quot;px&quot;,&quot;size&quot;:&quot;&quot;,&quot;sizes&quot;:[]}}\" data-widget_type=\"posts.classic\">\n\t\t\t\t<div class=\"elementor-widget-container\">\n\t\t\t\t\t\t\t<div class=\"elementor-posts-container elementor-posts elementor-posts--skin-classic elementor-grid\" role=\"list\">\n\t\t\t\t<article class=\"elementor-post elementor-grid-item post-3207 programme type-programme status-publish has-post-thumbnail hentry\" role=\"listitem\">\n\t\t\t\t<a class=\"elementor-post__thumbnail__link\" href=\"https:\/\/casonagranado.com\/es\/programme\/sore-fingers\/\" tabindex=\"-1\" >\n\t\t\t<div class=\"elementor-post__thumbnail\"><img decoding=\"async\" width=\"1904\" height=\"837\" src=\"https:\/\/casonagranado.com\/wp-content\/uploads\/2020\/10\/sorefingers.jpg\" class=\"attachment-full size-full wp-image-3725\" alt=\"\" srcset=\"https:\/\/casonagranado.com\/wp-content\/uploads\/2020\/10\/sorefingers.jpg 1904w, https:\/\/casonagranado.com\/wp-content\/uploads\/2020\/10\/sorefingers-300x132.jpg 300w, https:\/\/casonagranado.com\/wp-content\/uploads\/2020\/10\/sorefingers-1024x450.jpg 1024w, https:\/\/casonagranado.com\/wp-content\/uploads\/2020\/10\/sorefingers-768x338.jpg 768w, https:\/\/casonagranado.com\/wp-content\/uploads\/2020\/10\/sorefingers-1536x675.jpg 1536w\" sizes=\"(max-width: 1904px) 100vw, 1904px\" \/><\/div>\n\t\t<\/a>\n\t\t\t\t<div class=\"elementor-post__text\">\n\t\t\t\t<h3 class=\"elementor-post__title\">\n\t\t\t<a href=\"https:\/\/casonagranado.com\/es\/programme\/sore-fingers\/\" >\n\t\t\t\tDolor en los dedos\t\t\t<\/a>\n\t\t<\/h3>\n\t\t\t\t<div class=\"elementor-post__excerpt\">\n\t\t\t<p>DOLOR EN LOS DEDOS CON MIKE COMPTON - BLUEGRASS Y MANDOLINA ANTIGUA TUICI\u00d3N TEM\u00c1TICA ALREDEDOR DEL JUEGO DE BILL MONROE.<\/p>\n\t\t<\/div>\n\t\t\n\t\t<a class=\"elementor-post__read-more\" href=\"https:\/\/casonagranado.com\/es\/programme\/sore-fingers\/\" aria-label=\"M\u00e1s informaci\u00f3n sobre SORE FINGERS\" tabindex=\"-1\" >\n\t\t\tDetalles del Curso\t\t<\/a>\n\n\t\t\t\t<\/div>\n\t\t\t\t<\/article>\n\t\t\t\t<article class=\"elementor-post elementor-grid-item post-6246 programme type-programme status-publish has-post-thumbnail hentry\" role=\"listitem\">\n\t\t\t\t<a class=\"elementor-post__thumbnail__link\" href=\"https:\/\/casonagranado.com\/es\/programme\/wild-foxesses-retreats\/\" tabindex=\"-1\" >\n\t\t\t<div class=\"elementor-post__thumbnail\"><img decoding=\"async\" width=\"402\" height=\"406\" src=\"https:\/\/casonagranado.com\/wp-content\/uploads\/2021\/05\/wildfox.jpg\" class=\"attachment-full size-full wp-image-6247\" alt=\"\" srcset=\"https:\/\/casonagranado.com\/wp-content\/uploads\/2021\/05\/wildfox.jpg 402w, https:\/\/casonagranado.com\/wp-content\/uploads\/2021\/05\/wildfox-297x300.jpg 297w, https:\/\/casonagranado.com\/wp-content\/uploads\/2021\/05\/wildfox-150x150.jpg 150w\" sizes=\"(max-width: 402px) 100vw, 402px\" \/><\/div>\n\t\t<\/a>\n\t\t\t\t<div class=\"elementor-post__text\">\n\t\t\t\t<h3 class=\"elementor-post__title\">\n\t\t\t<a href=\"https:\/\/casonagranado.com\/es\/programme\/wild-foxesses-retreats\/\" >\n\t\t\t\tRETIROS DE ZORROS SALVAJES\t\t\t<\/a>\n\t\t<\/h3>\n\t\t\t\t<div class=\"elementor-post__excerpt\">\n\t\t\t<p>\u00bfQu\u00e9 ofrecemos? UNA CAJA DE HERRAMIENTAS HOL\u00cdSTICA CON BEX &amp; LANA Una maravillosa oferta de yoga, meditaci\u00f3n y movimiento, realizada en un impresionante hotel boutique, en Barriada de Lubrin, Almer\u00eda, Espa\u00f1a. Este espacio creativo brinda una maravillosa oportunidad para escapar y disfrutar de su propio bienestar y salud individual. DETALLES:<\/p>\n\t\t<\/div>\n\t\t\n\t\t<a class=\"elementor-post__read-more\" href=\"https:\/\/casonagranado.com\/es\/programme\/wild-foxesses-retreats\/\" aria-label=\"M\u00e1s informaci\u00f3n sobre WILD FOXESSES RETREATS\" tabindex=\"-1\" >\n\t\t\tDetalles del Curso\t\t<\/a>\n\n\t\t\t\t<\/div>\n\t\t\t\t<\/article>\n\t\t\t\t<\/div>\n\t\t\n\t\t\t\t\t\t<\/div>\n\t\t\t\t<\/div>\n\t\t\t\t\t<\/div>\n\t\t<\/div>\n\t\t\t\t\t<\/div>\n\t\t<\/section>\n\t\t\t\t\t<\/div>\n\t\t<\/div>\n\t\t\t\t\t<\/div>\n\t\t<\/section>\n\t\t\t\t<section class=\"elementor-section elementor-top-section elementor-element elementor-element-03c4b52 elementor-section-content-middle elementor-section-boxed elementor-section-height-default elementor-section-height-default\" data-id=\"03c4b52\" data-element_type=\"section\" data-e-type=\"section\">\n\t\t\t\t\t\t<div class=\"elementor-container elementor-column-gap-wider\">\n\t\t\t\t\t<div class=\"elementor-column elementor-col-100 elementor-top-column elementor-element elementor-element-c1f0a46\" data-id=\"c1f0a46\" data-element_type=\"column\" data-e-type=\"column\">\n\t\t\t<div class=\"elementor-widget-wrap elementor-element-populated\">\n\t\t\t\t\t\t<div class=\"elementor-element elementor-element-4cb5f91 elementor-widget-tablet__width-inherit elementor-widget__width-initial elementor-widget elementor-widget-heading\" data-id=\"4cb5f91\" data-element_type=\"widget\" data-e-type=\"widget\" data-widget_type=\"heading.default\">\n\t\t\t\t<div class=\"elementor-widget-container\">\n\t\t\t\t\t<p class=\"elementor-heading-title elementor-size-default\">Tu Estancia<\/p>\t\t\t\t<\/div>\n\t\t\t\t<\/div>\n\t\t\t\t<div class=\"elementor-element elementor-element-a493560 elementor-view-stacked elementor-shape-circle elementor-widget elementor-widget-icon\" data-id=\"a493560\" data-element_type=\"widget\" data-e-type=\"widget\" data-widget_type=\"icon.default\">\n\t\t\t\t<div class=\"elementor-widget-container\">\n\t\t\t\t\t\t\t<div class=\"elementor-icon-wrapper\">\n\t\t\t<div class=\"elementor-icon\">\n\t\t\t<i aria-hidden=\"true\" class=\"fab fa-pagelines\"><\/i>\t\t\t<\/div>\n\t\t<\/div>\n\t\t\t\t\t\t<\/div>\n\t\t\t\t<\/div>\n\t\t\t\t<div class=\"elementor-element elementor-element-0acc887 elementor-widget__width-initial elementor-widget-tablet__width-inherit elementor-widget elementor-widget-heading\" data-id=\"0acc887\" data-element_type=\"widget\" data-e-type=\"widget\" data-widget_type=\"heading.default\">\n\t\t\t\t<div class=\"elementor-widget-container\">\n\t\t\t\t\t<h3 class=\"elementor-heading-title elementor-size-default\">PROPORCIONAMOS EL FONDO PERFECTO PARA UNAS VACACIONES \u00daNICAS Y MEMORABLES.<\/h3>\t\t\t\t<\/div>\n\t\t\t\t<\/div>\n\t\t\t\t<div class=\"elementor-element elementor-element-35d6fb2 elementor-widget__width-initial elementor-widget-tablet__width-inherit elementor-widget elementor-widget-text-editor\" data-id=\"35d6fb2\" data-element_type=\"widget\" data-e-type=\"widget\" data-widget_type=\"text-editor.default\">\n\t\t\t\t<div class=\"elementor-widget-container\">\n\t\t\t\t\t\t\t\t\t<div class=\"wpb_text_column wpb_content_element\"><div class=\"wpb_wrapper\"><p>Los participantes del curso disfrutan de una estancia con todo incluido en la Casona, con sus ocho\u00a0<a href=\"https:\/\/casonagranado.com\/bedrooms\/\">habitaciones \u00fanicas<\/a>, con lujosas camas, cuartos h\u00famedos con ba\u00f1o y su elecci\u00f3n de alojamiento con dos camas twin o king y uso completo de la piscina de agua salada al aire libre, el jacuzzi y el sauna. Todas las comidas se sirven en nuestro\u00a0<a href=\"https:\/\/casonagranado.com\/restaurant\/\">restaurante<\/a>\u00a0donde el uso experto de ingredientes frescos, provenientes de cultivadores y productores dentro del pueblo, brindan el delicioso sabor del Campo.<\/p><\/div><\/div><div class=\"vc_empty_space\">\u00a0<\/div><div class=\"wpb_text_column wpb_content_element\"><div class=\"wpb_wrapper\"><p>Costo de vacaciones: 1350 euros (ocupaci\u00f3n individual) \/ 990 euros (por persona compartiendo). Todo incluido: estancia de seis noches en un alojamiento boutique impresionante m\u00e1s yoga por la ma\u00f1ana. Comidas deliciosas. Todos los refrescos. Vino y cerveza local con cena.<\/p><\/div><\/div>\t\t\t\t\t\t\t\t<\/div>\n\t\t\t\t<\/div>\n\t\t\t\t<div class=\"elementor-element elementor-element-c80cdf2 elementor-widget elementor-widget-gallery\" data-id=\"c80cdf2\" data-element_type=\"widget\" data-e-type=\"widget\" data-settings=\"{&quot;lazyload&quot;:&quot;yes&quot;,&quot;gallery_layout&quot;:&quot;grid&quot;,&quot;columns&quot;:4,&quot;columns_tablet&quot;:2,&quot;columns_mobile&quot;:1,&quot;gap&quot;:{&quot;unit&quot;:&quot;px&quot;,&quot;size&quot;:10,&quot;sizes&quot;:[]},&quot;gap_tablet&quot;:{&quot;unit&quot;:&quot;px&quot;,&quot;size&quot;:10,&quot;sizes&quot;:[]},&quot;gap_mobile&quot;:{&quot;unit&quot;:&quot;px&quot;,&quot;size&quot;:10,&quot;sizes&quot;:[]},&quot;link_to&quot;:&quot;file&quot;,&quot;aspect_ratio&quot;:&quot;3:2&quot;,&quot;overlay_background&quot;:&quot;yes&quot;,&quot;content_hover_animation&quot;:&quot;fade-in&quot;}\" data-widget_type=\"gallery.default\">\n\t\t\t\t<div class=\"elementor-widget-container\">\n\t\t\t\t\t\t\t<div class=\"elementor-gallery__container\">\n\t\t\t\t\t\t\t<a class=\"e-gallery-item elementor-gallery-item elementor-animated-content\" href=\"https:\/\/casonagranado.com\/wp-content\/uploads\/2020\/10\/IMG_2137-HDR.jpg\" data-elementor-open-lightbox=\"yes\" data-elementor-lightbox-slideshow=\"c80cdf2\" data-e-action-hash=\"#elementor-action%3Aaction%3Dlightbox%26settings%3DeyJpZCI6MzA2MSwidXJsIjoiaHR0cHM6XC9cL2Nhc29uYWdyYW5hZG8uY29tXC93cC1jb250ZW50XC91cGxvYWRzXC8yMDIwXC8xMFwvSU1HXzIxMzctSERSLmpwZyIsInNsaWRlc2hvdyI6ImM4MGNkZjIifQ%3D%3D\">\n\t\t\t\t\t<div class=\"e-gallery-image elementor-gallery-item__image\" data-thumbnail=\"https:\/\/casonagranado.com\/wp-content\/uploads\/2020\/10\/IMG_2137-HDR.jpg\" data-width=\"1920\" data-height=\"1280\" aria-label=\"\" role=\"img\" ><\/div>\n\t\t\t\t\t\t\t\t\t\t\t<div class=\"elementor-gallery-item__overlay\"><\/div>\n\t\t\t\t\t\t\t\t\t\t\t\t\t\t<\/a>\n\t\t\t\t\t\t\t<a class=\"e-gallery-item elementor-gallery-item elementor-animated-content\" href=\"https:\/\/casonagranado.com\/wp-content\/uploads\/2020\/11\/IMG_2414-e1532684685556.jpg\" data-elementor-open-lightbox=\"yes\" data-elementor-lightbox-slideshow=\"c80cdf2\" data-e-action-hash=\"#elementor-action%3Aaction%3Dlightbox%26settings%3DeyJpZCI6MzczOSwidXJsIjoiaHR0cHM6XC9cL2Nhc29uYWdyYW5hZG8uY29tXC93cC1jb250ZW50XC91cGxvYWRzXC8yMDIwXC8xMVwvSU1HXzI0MTQtZTE1MzI2ODQ2ODU1NTYuanBnIiwic2xpZGVzaG93IjoiYzgwY2RmMiJ9\">\n\t\t\t\t\t<div class=\"e-gallery-image elementor-gallery-item__image\" data-thumbnail=\"https:\/\/casonagranado.com\/wp-content\/uploads\/2020\/11\/IMG_2414-e1532684685556.jpg\" data-width=\"1600\" data-height=\"1067\" aria-label=\"\" role=\"img\" ><\/div>\n\t\t\t\t\t\t\t\t\t\t\t<div class=\"elementor-gallery-item__overlay\"><\/div>\n\t\t\t\t\t\t\t\t\t\t\t\t\t\t<\/a>\n\t\t\t\t\t\t\t<a class=\"e-gallery-item elementor-gallery-item elementor-animated-content\" href=\"https:\/\/casonagranado.com\/wp-content\/uploads\/2020\/10\/Cs-60.jpg\" data-elementor-open-lightbox=\"yes\" data-elementor-lightbox-slideshow=\"c80cdf2\" data-e-action-hash=\"#elementor-action%3Aaction%3Dlightbox%26settings%3DeyJpZCI6MzAwNSwidXJsIjoiaHR0cHM6XC9cL2Nhc29uYWdyYW5hZG8uY29tXC93cC1jb250ZW50XC91cGxvYWRzXC8yMDIwXC8xMFwvQ3MtNjAuanBnIiwic2xpZGVzaG93IjoiYzgwY2RmMiJ9\">\n\t\t\t\t\t<div class=\"e-gallery-image elementor-gallery-item__image\" data-thumbnail=\"https:\/\/casonagranado.com\/wp-content\/uploads\/2020\/10\/Cs-60.jpg\" data-width=\"1000\" data-height=\"667\" aria-label=\"\" role=\"img\" ><\/div>\n\t\t\t\t\t\t\t\t\t\t\t<div class=\"elementor-gallery-item__overlay\"><\/div>\n\t\t\t\t\t\t\t\t\t\t\t\t\t\t<\/a>\n\t\t\t\t\t\t\t<a class=\"e-gallery-item elementor-gallery-item elementor-animated-content\" href=\"https:\/\/casonagranado.com\/wp-content\/uploads\/2020\/11\/IMG_2684-HDR-e1532684620880-1.jpg\" data-elementor-open-lightbox=\"yes\" data-elementor-lightbox-slideshow=\"c80cdf2\" data-e-action-hash=\"#elementor-action%3Aaction%3Dlightbox%26settings%3DeyJpZCI6Mzc0MCwidXJsIjoiaHR0cHM6XC9cL2Nhc29uYWdyYW5hZG8uY29tXC93cC1jb250ZW50XC91cGxvYWRzXC8yMDIwXC8xMVwvSU1HXzI2ODQtSERSLWUxNTMyNjg0NjIwODgwLTEuanBnIiwic2xpZGVzaG93IjoiYzgwY2RmMiJ9\">\n\t\t\t\t\t<div class=\"e-gallery-image elementor-gallery-item__image\" data-thumbnail=\"https:\/\/casonagranado.com\/wp-content\/uploads\/2020\/11\/IMG_2684-HDR-e1532684620880-1.jpg\" data-width=\"1024\" data-height=\"683\" aria-label=\"\" role=\"img\" ><\/div>\n\t\t\t\t\t\t\t\t\t\t\t<div class=\"elementor-gallery-item__overlay\"><\/div>\n\t\t\t\t\t\t\t\t\t\t\t\t\t\t<\/a>\n\t\t\t\t\t<\/div>\n\t\t\t\t\t<\/div>\n\t\t\t\t<\/div>\n\t\t\t\t\t<\/div>\n\t\t<\/div>\n\t\t\t\t\t<\/div>\n\t\t<\/section>\n\t\t\t\t<\/div>","protected":false},"excerpt":{"rendered":"<p>Creative Holidays&#8230; Uninterrupted TOGETHER WITH SOME REMARKABLY GIFTED TEACHERS AND FACILITATORS. Immersive holidays with inspiring courses designed to connect you with nature and engage your creative processes \u2013 your path to free your spirit and transform your creativity in a uniquely evocative, inspiring and nurturing space. We offer 6-night learning holidays with programmes to suit [&hellip;]<\/p>\n","protected":false},"author":10,"featured_media":5537,"parent":0,"menu_order":0,"comment_status":"closed","ping_status":"closed","template":"","meta":{"_acf_changed":false,"footnotes":""},"class_list":["post-3199","page","type-page","status-publish","has-post-thumbnail","hentry"],"acf":[],"_links":{"self":[{"href":"https:\/\/casonagranado.com\/es\/wp-json\/wp\/v2\/pages\/3199","targetHints":{"allow":["GET"]}}],"collection":[{"href":"https:\/\/casonagranado.com\/es\/wp-json\/wp\/v2\/pages"}],"about":[{"href":"https:\/\/casonagranado.com\/es\/wp-json\/wp\/v2\/types\/page"}],"author":[{"embeddable":true,"href":"https:\/\/casonagranado.com\/es\/wp-json\/wp\/v2\/users\/10"}],"replies":[{"embeddable":true,"href":"https:\/\/casonagranado.com\/es\/wp-json\/wp\/v2\/comments?post=3199"}],"version-history":[{"count":0,"href":"https:\/\/casonagranado.com\/es\/wp-json\/wp\/v2\/pages\/3199\/revisions"}],"wp:featuredmedia":[{"embeddable":true,"href":"https:\/\/casonagranado.com\/es\/wp-json\/wp\/v2\/media\/5537"}],"wp:attachment":[{"href":"https:\/\/casonagranado.com\/es\/wp-json\/wp\/v2\/media?parent=3199"}],"curies":[{"name":"wp","href":"https:\/\/api.w.org\/{rel}","templated":true}]}}